{"id":3618,"date":"2024-03-21T20:57:28","date_gmt":"2024-03-21T20:57:28","guid":{"rendered":"https:\/\/malcesinebaldotrail.run\/hotels\/"},"modified":"2026-02-10T17:05:21","modified_gmt":"2026-02-10T17:05:21","slug":"hotels","status":"publish","type":"page","link":"https:\/\/malcesinebaldotrail.run\/de\/hotels\/","title":{"rendered":"Hotels und Campingpl\u00e4tze"},"content":{"rendered":"<p><div class=\"fusion-fullwidth fullwidth-box fusion-builder-row-1 fusion-flex-container nonhundred-percent-fullwidth non-hundred-percent-height-scrolling\" style=\"--awb-border-radius-top-left:0px;--awb-border-radius-top-right:0px;--awb-border-radius-bottom-right:0px;--awb-border-radius-bottom-left:0px;--awb-flex-wrap:wrap;\" ><div class=\"fusion-builder-row fusion-row fusion-flex-align-items-flex-start fusion-flex-content-wrap\" style=\"max-width:1248px;margin-left: calc(-4% \/ 2 );margin-right: calc(-4% \/ 2 );\"><div class=\"fusion-layout-column fusion_builder_column fusion-builder-column-0 fusion_builder_column_1_1 1_1 fusion-flex-column\" style=\"--awb-bg-size:cover;--awb-width-large:100%;--awb-margin-top-large:0px;--awb-spacing-right-large:1.92%;--awb-margin-bottom-large:20px;--awb-spacing-left-large:1.92%;--awb-width-medium:100%;--awb-order-medium:0;--awb-spacing-right-medium:1.92%;--awb-spacing-left-medium:1.92%;--awb-width-small:100%;--awb-order-small:0;--awb-spacing-right-small:1.92%;--awb-spacing-left-small:1.92%;\"><div class=\"fusion-column-wrapper fusion-column-has-shadow fusion-flex-justify-content-flex-start fusion-content-layout-column\"><div class=\"fusion-title title fusion-title-1 fusion-sep-none fusion-title-text fusion-title-size-three\"><h3 class=\"fusion-title-heading title-heading-left\" style=\"margin:0;\">Wo soll ich schlafen?<\/h3><\/div><div class=\"fusion-text fusion-text-1\"><p>Genie\u00dfen Sie Ihr Trailrunning-Wochenende am Gardasee!<\/p>\n<p>Um Ihre Erfahrung w\u00e4hrend der Veranstaltung noch angenehmer zu gestalten, finden Sie hier eine Liste der Vertragsunternehmen, die Ihnen Komfort, Gastfreundschaft und Dienstleistungen bieten speziell f\u00fcr Sportler und Begleitpersonen.<\/p>\n<p>Zu den f\u00fcr Mitglieder reservierten Vorteilen geh\u00f6ren zum Beispiel:<\/p>\n<ul>\n<li>Sp\u00e4tes Auschecken am Renntag<\/li>\n<li>Fr\u00fches Fr\u00fchst\u00fcck f\u00fcr Fr\u00fchaufsteher<\/li>\n<li>Dienstleistungen f\u00fcr Teilnehmer<\/li>\n<\/ul>\n<p>Die vollst\u00e4ndige Liste der teilnehmenden Einrichtungen wird hier auf der offiziellen Website der Veranstaltung st\u00e4ndig aktualisiert, so dass Sie ganz einfach die Option ausw\u00e4hlen k\u00f6nnen, die Ihren Bed\u00fcrfnissen am besten entspricht.<\/p>\n<p>Sichern Sie sich Ihren Aufenthalt im Voraus und nutzen Sie die Einrichtungen, die Ihr Wochenende auf Baldo noch angenehmer und unbeschwerter machen.<\/p>\n<\/div><\/div><\/div><\/div><\/div><div class=\"fusion-fullwidth fullwidth-box fusion-builder-row-2 fusion-flex-container has-pattern-background has-mask-background nonhundred-percent-fullwidth non-hundred-percent-height-scrolling\" style=\"--awb-border-radius-top-left:0px;--awb-border-radius-top-right:0px;--awb-border-radius-bottom-right:0px;--awb-border-radius-bottom-left:0px;--awb-flex-wrap:wrap;\" ><div class=\"fusion-builder-row fusion-row fusion-flex-align-items-flex-start fusion-flex-content-wrap\" style=\"max-width:1248px;margin-left: calc(-4% \/ 2 );margin-right: calc(-4% \/ 2 );\"><div class=\"fusion-layout-column fusion_builder_column fusion-builder-column-1 fusion_builder_column_1_1 1_1 fusion-flex-column\" style=\"--awb-bg-size:cover;--awb-width-large:100%;--awb-margin-top-large:0px;--awb-spacing-right-large:1.92%;--awb-margin-bottom-large:20px;--awb-spacing-left-large:1.92%;--awb-width-medium:100%;--awb-order-medium:0;--awb-spacing-right-medium:1.92%;--awb-spacing-left-medium:1.92%;--awb-width-small:100%;--awb-order-small:0;--awb-spacing-right-small:1.92%;--awb-spacing-left-small:1.92%;\"><div class=\"fusion-column-wrapper fusion-column-has-shadow fusion-flex-justify-content-flex-start fusion-content-layout-column\">\n<div class=\"table-1\">\n<table width=\"100%\">\n<thead>\n<tr>\n<th align=\"left\">Struktur<\/th>\n<th align=\"left\">Adresse<\/th>\n<th align=\"left\">Kontakt<\/th>\n<th align=\"left\">Website<\/th>\n<th align=\"left\">Dienstleistungen<\/th>\n<\/tr>\n<\/thead>\n<tbody>\n<tr>\n<td align=\"left\"><strong>Ambienthotel Strand<\/strong><\/td>\n<td align=\"left\">Via Val di Sogno, 13 | 37018 MALCESINE (VR)<\/td>\n<td align=\"left\">Tel. +39 045 7400382 <a href=\"mailto:spiaggia@ambienthotel.it\">spiaggia@ambienthotel.it<\/a><\/td>\n<td align=\"left\"><a href=\"http:\/\/www.ambienthotelspiaggia.com\">www.ambienthotelspiaggia.com<\/a><\/td>\n<td align=\"left\">\n<ul>\n<li class=\"elementToProof\">Fr\u00fchst\u00fcck um 06.00 Uhr<\/li>\n<li class=\"elementToProof\">Sp\u00e4ter Check-out<\/li>\n<li class=\"elementToProof\">Wasser im Zimmer<\/li>\n<li class=\"elementToProof\">Shuttle-Service zum und vom Start- und Zielort des Rennens<\/li>\n<li>Tiefgarage f\u00fcr Autos<\/li>\n<\/ul>\n<\/td>\n<\/tr>\n<tr>\n<td align=\"left\"><strong>Catullo Hotels<\/strong><\/td>\n<td align=\"left\">Via Priori, 11 &#8211; Malcesine (VR)<\/td>\n<td align=\"left\">Tel. +39 045 7400 352 info@catullo.com<\/td>\n<td align=\"left\"><a href=\"http:\/\/www.catullo.com\">www.catullo.com<\/a> <a href=\"http:\/\/www.malcesinesuites.com\">www.malcesinesuites.com<\/a><\/td>\n<td align=\"left\">\n<ul>\n<li>Sp\u00e4ter Check-out<\/li>\n<li>Fr\u00fches Fr\u00fchst\u00fcck<\/li>\n<li>Wasser im Zimmer<\/li>\n<li>Gro\u00dfer Privatparkplatz<\/li>\n<\/ul>\n<\/td>\n<\/tr>\n<tr>\n<td align=\"left\"><strong>Hotel Diana<\/strong><\/td>\n<td align=\"left\">Via Scuisse, 8 &#8211; Malcesine VR<\/td>\n<td align=\"left\">Tel. +39 045 7400192 info@dianamalcesine.com<\/td>\n<td align=\"left\"><a href=\"http:\/\/www.dianamalcesine.com\">www.dianamalcesine.com<\/a><\/td>\n<td align=\"left\">\n<ul>\n<li>Sp\u00e4tes Auschecken bis 16:00 Uhr am Renntag (Samstag und\/oder Sonntag)<\/li>\n<li>Fr\u00fches Fr\u00fchst\u00fcck ab 6 Uhr morgens.<\/li>\n<li>Eine Flasche Wasser auf dem Zimmer<\/li>\n<\/ul>\n<\/td>\n<\/tr>\n<tr>\n<td align=\"left\"><strong>Camping Lombardi<\/strong><\/td>\n<td align=\"left\">Via Navene Vecchia 141 &#8211; Loc. Campagnola<br \/>\nI-37018 Malcesine VR &#8211; Gardasee <\/td>\n<td align=\"left\">+39 045 74 00 849<br \/>\ninfo@campinglombardi.com<\/td>\n<td align=\"left\"><a href=\"http:\/\/www.campinglombardi.com\">www.campinglombardi.com<\/a><\/td>\n<td align=\"left\">\n<ul>\n<li>Sp\u00e4tes Auschecken am Tag des Wettbewerbs (Samstag und\/oder Sonntag) &#8211; (wegen der Feiertagsbr\u00fccke ist dieser Service nur bei rechtzeitiger Reservierung m\u00f6glich)<\/li>\n<\/ul>\n<\/td>\n<\/tr>\n<\/tbody>\n<\/table>\n<\/div>\n<\/div><\/div><\/div><\/div><div class=\"fusion-fullwidth fullwidth-box fusion-builder-row-3 fusion-flex-container nonhundred-percent-fullwidth non-hundred-percent-height-scrolling\" style=\"--awb-border-radius-top-left:0px;--awb-border-radius-top-right:0px;--awb-border-radius-bottom-right:0px;--awb-border-radius-bottom-left:0px;--awb-flex-wrap:wrap;\" ><div class=\"fusion-builder-row fusion-row fusion-flex-align-items-flex-start fusion-flex-content-wrap\" style=\"max-width:1248px;margin-left: calc(-4% \/ 2 );margin-right: calc(-4% \/ 2 );\"><div class=\"fusion-layout-column fusion_builder_column fusion-builder-column-2 fusion_builder_column_1_1 1_1 fusion-flex-column\" style=\"--awb-bg-size:cover;--awb-width-large:100%;--awb-margin-top-large:0px;--awb-spacing-right-large:1.92%;--awb-margin-bottom-large:20px;--awb-spacing-left-large:1.92%;--awb-width-medium:100%;--awb-order-medium:0;--awb-spacing-right-medium:1.92%;--awb-spacing-left-medium:1.92%;--awb-width-small:100%;--awb-order-small:0;--awb-spacing-right-small:1.92%;--awb-spacing-left-small:1.92%;\"><div class=\"fusion-column-wrapper fusion-column-has-shadow fusion-flex-justify-content-flex-start fusion-content-layout-column\"><div class=\"fusion-text fusion-text-2\"><p>F\u00fcr Reservierungen wenden Sie sich bitte direkt an die Hotels und geben Sie an, dass Sie an der Veranstaltung &#8222;ASICS Malcesine Baldo Trail&#8220; teilnehmen.<\/p>\n<\/div><div class=\"fusion-text fusion-text-3\"><p>Aufenthaltstaxe nicht inbegriffen: \u20ac1,50 pro Person\/Nacht in Hotelanlagen<\/p>\n<p>Aufenthaltstaxe nicht inbegriffen: \u20ac1,00 pro Person\/Nacht auf Campingpl\u00e4tzen<\/p>\n<\/div><div class=\"fusion-text fusion-text-4\"><p>F\u00fcr weitere Informationen:<\/p>\n<p><strong><b>Touristeninformation und Empfangsb\u00fcro <\/b>IAT MALCESINE<\/strong><br \/>\nVia Gardesana, 238<br \/>\nTel. +39 045 7400044<br \/>\nE-Mail: <a href=\"mailto:infopointmalcesine@gmail.com\">infopointmalcesine@gmail.com<\/a> oder <a title=\"mailto:iat@comunemalcesine.it\" href=\"mailto:iat@comunemalcesine.it\" target=\"_blank\" rel=\"noopener\">iat@comunemalcesine.it<\/a><br \/>\nWeb: www.visitmalcesine.com<br \/>\nMo-So\/Mon-So 9.00-17.45<\/p>\n<div><b><span style=\"font-family: arial, sans-serif;\"> <\/span><\/b><\/div>\n<div><\/div>\n<\/div><\/div><\/div><\/div><\/div><div class=\"fusion-fullwidth fullwidth-box fusion-builder-row-4 fusion-flex-container has-pattern-background has-mask-background nonhundred-percent-fullwidth non-hundred-percent-height-scrolling\" style=\"--awb-border-radius-top-left:0px;--awb-border-radius-top-right:0px;--awb-border-radius-bottom-right:0px;--awb-border-radius-bottom-left:0px;--awb-margin-bottom:50px;--awb-flex-wrap:wrap;\" ><div class=\"fusion-builder-row fusion-row fusion-flex-align-items-flex-end fusion-flex-justify-content-space-evenly fusion-flex-content-wrap\" style=\"max-width:1248px;margin-left: calc(-4% \/ 2 );margin-right: calc(-4% \/ 2 );\"><div class=\"fusion-layout-column fusion_builder_column fusion-builder-column-3 fusion_builder_column_1_4 1_4 fusion-flex-column fusion-flex-align-self-flex-end\" style=\"--awb-bg-size:cover;--awb-width-large:25%;--awb-margin-top-large:0px;--awb-spacing-right-large:7.68%;--awb-margin-bottom-large:20px;--awb-spacing-left-large:7.68%;--awb-width-medium:25%;--awb-order-medium:0;--awb-spacing-right-medium:7.68%;--awb-spacing-left-medium:7.68%;--awb-width-small:100%;--awb-order-small:0;--awb-spacing-right-small:1.92%;--awb-spacing-left-small:1.92%;\" data-scroll-devices=\"small-visibility,medium-visibility,large-visibility\"><div class=\"fusion-column-wrapper fusion-column-has-shadow fusion-flex-justify-content-center fusion-content-layout-row fusion-flex-align-items-flex-end\"><div class=\"fusion-image-element \" style=\"--awb-caption-title-font-family:var(--h2_typography-font-family);--awb-caption-title-font-weight:var(--h2_typography-font-weight);--awb-caption-title-font-style:var(--h2_typography-font-style);--awb-caption-title-size:var(--h2_typography-font-size);--awb-caption-title-transform:var(--h2_typography-text-transform);--awb-caption-title-line-height:var(--h2_typography-line-height);--awb-caption-title-letter-spacing:var(--h2_typography-letter-spacing);\"><span class=\" fusion-imageframe imageframe-none imageframe-1 hover-type-none\"><img decoding=\"async\" width=\"200\" height=\"135\" title=\"Logoo_2025_Ambienthotel Strand (2)\" src=\"https:\/\/malcesinebaldotrail.run\/wp-content\/uploads\/2026\/01\/Logo_2025_Ambienthotel-Spiaggia-2-200x135.jpg\" alt class=\"img-responsive wp-image-5917\" srcset=\"https:\/\/malcesinebaldotrail.run\/wp-content\/uploads\/2026\/01\/Logo_2025_Ambienthotel-Spiaggia-2-200x135.jpg 200w, https:\/\/malcesinebaldotrail.run\/wp-content\/uploads\/2026\/01\/Logo_2025_Ambienthotel-Spiaggia-2-400x271.jpg 400w, https:\/\/malcesinebaldotrail.run\/wp-content\/uploads\/2026\/01\/Logo_2025_Ambienthotel-Spiaggia-2-600x406.jpg 600w, https:\/\/malcesinebaldotrail.run\/wp-content\/uploads\/2026\/01\/Logo_2025_Ambienthotel-Spiaggia-2-800x542.jpg 800w, https:\/\/malcesinebaldotrail.run\/wp-content\/uploads\/2026\/01\/Logo_2025_Ambienthotel-Spiaggia-2-1200x812.jpg 1200w\" sizes=\"(max-width: 640px) 100vw, 400px\" \/><\/span><\/div><\/div><\/div><div class=\"fusion-layout-column fusion_builder_column fusion-builder-column-4 fusion_builder_column_1_4 1_4 fusion-flex-column fusion-flex-align-self-flex-end\" style=\"--awb-bg-size:cover;--awb-width-large:25%;--awb-margin-top-large:0px;--awb-spacing-right-large:7.68%;--awb-margin-bottom-large:20px;--awb-spacing-left-large:7.68%;--awb-width-medium:25%;--awb-order-medium:0;--awb-spacing-right-medium:7.68%;--awb-spacing-left-medium:7.68%;--awb-width-small:100%;--awb-order-small:0;--awb-spacing-right-small:1.92%;--awb-spacing-left-small:1.92%;\" data-scroll-devices=\"small-visibility,medium-visibility,large-visibility\"><div class=\"fusion-column-wrapper fusion-column-has-shadow fusion-flex-justify-content-center fusion-content-layout-row fusion-flex-align-items-flex-end\"><div class=\"fusion-image-element \" style=\"--awb-caption-title-font-family:var(--h2_typography-font-family);--awb-caption-title-font-weight:var(--h2_typography-font-weight);--awb-caption-title-font-style:var(--h2_typography-font-style);--awb-caption-title-size:var(--h2_typography-font-size);--awb-caption-title-transform:var(--h2_typography-text-transform);--awb-caption-title-line-height:var(--h2_typography-line-height);--awb-caption-title-letter-spacing:var(--h2_typography-letter-spacing);\"><span class=\" fusion-imageframe imageframe-none imageframe-2 hover-type-none\"><img decoding=\"async\" width=\"200\" height=\"66\" title=\"Logo-2\" src=\"https:\/\/malcesinebaldotrail.run\/wp-content\/uploads\/2026\/01\/logo-2-200x66.png\" alt class=\"img-responsive wp-image-5918\" srcset=\"https:\/\/malcesinebaldotrail.run\/wp-content\/uploads\/2026\/01\/logo-2-200x66.png 200w, https:\/\/malcesinebaldotrail.run\/wp-content\/uploads\/2026\/01\/logo-2-400x131.png 400w, https:\/\/malcesinebaldotrail.run\/wp-content\/uploads\/2026\/01\/logo-2-600x197.png 600w, https:\/\/malcesinebaldotrail.run\/wp-content\/uploads\/2026\/01\/logo-2-800x263.png 800w, https:\/\/malcesinebaldotrail.run\/wp-content\/uploads\/2026\/01\/logo-2-1200x394.png 1200w, https:\/\/malcesinebaldotrail.run\/wp-content\/uploads\/2026\/01\/logo-2.png 1426w\" sizes=\"(max-width: 640px) 100vw, 400px\" \/><\/span><\/div><\/div><\/div><div class=\"fusion-layout-column fusion_builder_column fusion-builder-column-5 fusion_builder_column_1_4 1_4 fusion-flex-column fusion-flex-align-self-center\" style=\"--awb-bg-size:cover;--awb-width-large:25%;--awb-margin-top-large:0px;--awb-spacing-right-large:7.68%;--awb-margin-bottom-large:20px;--awb-spacing-left-large:7.68%;--awb-width-medium:25%;--awb-order-medium:0;--awb-spacing-right-medium:7.68%;--awb-spacing-left-medium:7.68%;--awb-width-small:100%;--awb-order-small:0;--awb-spacing-right-small:1.92%;--awb-spacing-left-small:1.92%;\" data-scroll-devices=\"small-visibility,medium-visibility,large-visibility\"><div class=\"fusion-column-wrapper fusion-column-has-shadow fusion-flex-justify-content-center fusion-content-layout-row fusion-flex-align-items-center\"><div class=\"fusion-image-element \" style=\"--awb-caption-title-font-family:var(--h2_typography-font-family);--awb-caption-title-font-weight:var(--h2_typography-font-weight);--awb-caption-title-font-style:var(--h2_typography-font-style);--awb-caption-title-size:var(--h2_typography-font-size);--awb-caption-title-transform:var(--h2_typography-text-transform);--awb-caption-title-line-height:var(--h2_typography-line-height);--awb-caption-title-letter-spacing:var(--h2_typography-letter-spacing);\"><span class=\" fusion-imageframe imageframe-none imageframe-3 hover-type-none\"><img decoding=\"async\" width=\"200\" height=\"348\" title=\"logo-hoteldiana-3\" src=\"https:\/\/malcesinebaldotrail.run\/wp-content\/uploads\/2026\/01\/logo-hoteldiana-3-200x348.png\" alt class=\"img-responsive wp-image-5919\" srcset=\"https:\/\/malcesinebaldotrail.run\/wp-content\/uploads\/2026\/01\/logo-hoteldiana-3-200x348.png 200w, https:\/\/malcesinebaldotrail.run\/wp-content\/uploads\/2026\/01\/logo-hoteldiana-3-400x695.png 400w, https:\/\/malcesinebaldotrail.run\/wp-content\/uploads\/2026\/01\/logo-hoteldiana-3-600x1043.png 600w, https:\/\/malcesinebaldotrail.run\/wp-content\/uploads\/2026\/01\/logo-hoteldiana-3-800x1390.png 800w, https:\/\/malcesinebaldotrail.run\/wp-content\/uploads\/2026\/01\/logo-hoteldiana-3-1200x2085.png 1200w, https:\/\/malcesinebaldotrail.run\/wp-content\/uploads\/2026\/01\/logo-hoteldiana-3-scaled.png 1473w\" sizes=\"(max-width: 640px) 100vw, 400px\" \/><\/span><\/div><\/div><\/div><div class=\"fusion-layout-column fusion_builder_column fusion-builder-column-6 fusion_builder_column_1_4 1_4 fusion-flex-column fusion-flex-align-self-flex-end\" style=\"--awb-bg-size:cover;--awb-width-large:25%;--awb-margin-top-large:0px;--awb-spacing-right-large:7.68%;--awb-margin-bottom-large:20px;--awb-spacing-left-large:7.68%;--awb-width-medium:25%;--awb-order-medium:0;--awb-spacing-right-medium:7.68%;--awb-spacing-left-medium:7.68%;--awb-width-small:100%;--awb-order-small:0;--awb-spacing-right-small:1.92%;--awb-spacing-left-small:1.92%;\" data-scroll-devices=\"small-visibility,medium-visibility,large-visibility\"><div class=\"fusion-column-wrapper fusion-column-has-shadow fusion-flex-justify-content-center fusion-content-layout-row fusion-flex-align-items-flex-end\"><div class=\"fusion-image-element \" style=\"--awb-caption-title-font-family:var(--h2_typography-font-family);--awb-caption-title-font-weight:var(--h2_typography-font-weight);--awb-caption-title-font-style:var(--h2_typography-font-style);--awb-caption-title-size:var(--h2_typography-font-size);--awb-caption-title-transform:var(--h2_typography-text-transform);--awb-caption-title-line-height:var(--h2_typography-line-height);--awb-caption-title-letter-spacing:var(--h2_typography-letter-spacing);\"><span class=\" fusion-imageframe imageframe-none imageframe-4 hover-type-none\"><img decoding=\"async\" width=\"200\" height=\"64\" title=\"camping-malcesine-gardasee-lombardi-logo\" src=\"https:\/\/malcesinebaldotrail.run\/wp-content\/uploads\/2026\/02\/camping-malcesine-gardasee-lombardi-logo-200x64.png\" alt class=\"img-responsive wp-image-5920\" srcset=\"https:\/\/malcesinebaldotrail.run\/wp-content\/uploads\/2026\/02\/camping-malcesine-gardasee-lombardi-logo-200x64.png 200w, https:\/\/malcesinebaldotrail.run\/wp-content\/uploads\/2026\/02\/camping-malcesine-gardasee-lombardi-logo-400x128.png 400w, https:\/\/malcesinebaldotrail.run\/wp-content\/uploads\/2026\/02\/camping-malcesine-gardasee-lombardi-logo-600x192.png 600w, https:\/\/malcesinebaldotrail.run\/wp-content\/uploads\/2026\/02\/camping-malcesine-gardasee-lombardi-logo-800x256.png 800w, https:\/\/malcesinebaldotrail.run\/wp-content\/uploads\/2026\/02\/camping-malcesine-gardasee-lombardi-logo.png 1000w\" sizes=\"(max-width: 640px) 100vw, 400px\" \/><\/span><\/div><\/div><\/div><\/div><\/div><\/p>\n","protected":false},"excerpt":{"rendered":"","protected":false},"author":1,"featured_media":0,"parent":0,"menu_order":0,"comment_status":"closed","ping_status":"closed","template":"","meta":{"footnotes":""},"class_list":["post-3618","page","type-page","status-publish","hentry"],"yoast_head":"<!-- This site is optimized with the Yoast SEO plugin v26.9 - https:\/\/yoast.com\/product\/yoast-seo-wordpress\/ -->\n<title>Hotels und Campingpl\u00e4tze - ASICS Malcesine Baldo Trail<\/title>\n<meta name=\"robots\" content=\"index, follow, max-snippet:-1, max-image-preview:large, max-video-preview:-1\" \/>\n<link rel=\"canonical\" href=\"https:\/\/malcesinebaldotrail.run\/de\/hotels\/\" \/>\n<meta property=\"og:locale\" content=\"de_DE\" \/>\n<meta property=\"og:type\" content=\"article\" \/>\n<meta property=\"og:title\" content=\"Hotels und Campingpl\u00e4tze - ASICS Malcesine Baldo Trail\" \/>\n<meta property=\"og:url\" content=\"https:\/\/malcesinebaldotrail.run\/de\/hotels\/\" \/>\n<meta property=\"og:site_name\" content=\"ASICS Malcesine Baldo Trail\" \/>\n<meta property=\"article:modified_time\" content=\"2026-02-10T17:05:21+00:00\" \/>\n<meta name=\"twitter:card\" content=\"summary_large_image\" \/>\n<meta name=\"twitter:label1\" content=\"Gesch\u00e4tzte Lesezeit\" \/>\n\t<meta name=\"twitter:data1\" content=\"34\u00a0Minuten\" \/>\n<script type=\"application\/ld+json\" class=\"yoast-schema-graph\">{\"@context\":\"https:\/\/schema.org\",\"@graph\":[{\"@type\":\"WebPage\",\"@id\":\"https:\/\/malcesinebaldotrail.run\/de\/hotels\/\",\"url\":\"https:\/\/malcesinebaldotrail.run\/de\/hotels\/\",\"name\":\"Hotels und Campingpl\u00e4tze - ASICS Malcesine Baldo Trail\",\"isPartOf\":{\"@id\":\"https:\/\/malcesinebaldotrail.run\/de\/#website\"},\"datePublished\":\"2024-03-21T20:57:28+00:00\",\"dateModified\":\"2026-02-10T17:05:21+00:00\",\"breadcrumb\":{\"@id\":\"https:\/\/malcesinebaldotrail.run\/de\/hotels\/#breadcrumb\"},\"inLanguage\":\"de\",\"potentialAction\":[{\"@type\":\"ReadAction\",\"target\":[\"https:\/\/malcesinebaldotrail.run\/de\/hotels\/\"]}]},{\"@type\":\"BreadcrumbList\",\"@id\":\"https:\/\/malcesinebaldotrail.run\/de\/hotels\/#breadcrumb\",\"itemListElement\":[{\"@type\":\"ListItem\",\"position\":1,\"name\":\"Home\",\"item\":\"https:\/\/malcesinebaldotrail.run\/de\/sample-page\/\"},{\"@type\":\"ListItem\",\"position\":2,\"name\":\"Hotels und Campingpl\u00e4tze\"}]},{\"@type\":\"WebSite\",\"@id\":\"https:\/\/malcesinebaldotrail.run\/de\/#website\",\"url\":\"https:\/\/malcesinebaldotrail.run\/de\/\",\"name\":\"ASICS Malcesine Baldo Trail\",\"description\":\"\",\"potentialAction\":[{\"@type\":\"SearchAction\",\"target\":{\"@type\":\"EntryPoint\",\"urlTemplate\":\"https:\/\/malcesinebaldotrail.run\/de\/?s={search_term_string}\"},\"query-input\":{\"@type\":\"PropertyValueSpecification\",\"valueRequired\":true,\"valueName\":\"search_term_string\"}}],\"inLanguage\":\"de\"}]}<\/script>\n<!-- \/ Yoast SEO plugin. -->","yoast_head_json":{"title":"Hotels und Campingpl\u00e4tze - ASICS Malcesine Baldo Trail","robots":{"index":"index","follow":"follow","max-snippet":"max-snippet:-1","max-image-preview":"max-image-preview:large","max-video-preview":"max-video-preview:-1"},"canonical":"https:\/\/malcesinebaldotrail.run\/de\/hotels\/","og_locale":"de_DE","og_type":"article","og_title":"Hotels und Campingpl\u00e4tze - ASICS Malcesine Baldo Trail","og_url":"https:\/\/malcesinebaldotrail.run\/de\/hotels\/","og_site_name":"ASICS Malcesine Baldo Trail","article_modified_time":"2026-02-10T17:05:21+00:00","twitter_card":"summary_large_image","twitter_misc":{"Gesch\u00e4tzte Lesezeit":"34\u00a0Minuten"},"schema":{"@context":"https:\/\/schema.org","@graph":[{"@type":"WebPage","@id":"https:\/\/malcesinebaldotrail.run\/de\/hotels\/","url":"https:\/\/malcesinebaldotrail.run\/de\/hotels\/","name":"Hotels und Campingpl\u00e4tze - ASICS Malcesine Baldo Trail","isPartOf":{"@id":"https:\/\/malcesinebaldotrail.run\/de\/#website"},"datePublished":"2024-03-21T20:57:28+00:00","dateModified":"2026-02-10T17:05:21+00:00","breadcrumb":{"@id":"https:\/\/malcesinebaldotrail.run\/de\/hotels\/#breadcrumb"},"inLanguage":"de","potentialAction":[{"@type":"ReadAction","target":["https:\/\/malcesinebaldotrail.run\/de\/hotels\/"]}]},{"@type":"BreadcrumbList","@id":"https:\/\/malcesinebaldotrail.run\/de\/hotels\/#breadcrumb","itemListElement":[{"@type":"ListItem","position":1,"name":"Home","item":"https:\/\/malcesinebaldotrail.run\/de\/sample-page\/"},{"@type":"ListItem","position":2,"name":"Hotels und Campingpl\u00e4tze"}]},{"@type":"WebSite","@id":"https:\/\/malcesinebaldotrail.run\/de\/#website","url":"https:\/\/malcesinebaldotrail.run\/de\/","name":"ASICS Malcesine Baldo Trail","description":"","potentialAction":[{"@type":"SearchAction","target":{"@type":"EntryPoint","urlTemplate":"https:\/\/malcesinebaldotrail.run\/de\/?s={search_term_string}"},"query-input":{"@type":"PropertyValueSpecification","valueRequired":true,"valueName":"search_term_string"}}],"inLanguage":"de"}]}},"_links":{"self":[{"href":"https:\/\/malcesinebaldotrail.run\/de\/wp-json\/wp\/v2\/pages\/3618","targetHints":{"allow":["GET"]}}],"collection":[{"href":"https:\/\/malcesinebaldotrail.run\/de\/wp-json\/wp\/v2\/pages"}],"about":[{"href":"https:\/\/malcesinebaldotrail.run\/de\/wp-json\/wp\/v2\/types\/page"}],"author":[{"embeddable":true,"href":"https:\/\/malcesinebaldotrail.run\/de\/wp-json\/wp\/v2\/users\/1"}],"replies":[{"embeddable":true,"href":"https:\/\/malcesinebaldotrail.run\/de\/wp-json\/wp\/v2\/comments?post=3618"}],"version-history":[{"count":14,"href":"https:\/\/malcesinebaldotrail.run\/de\/wp-json\/wp\/v2\/pages\/3618\/revisions"}],"predecessor-version":[{"id":5923,"href":"https:\/\/malcesinebaldotrail.run\/de\/wp-json\/wp\/v2\/pages\/3618\/revisions\/5923"}],"wp:attachment":[{"href":"https:\/\/malcesinebaldotrail.run\/de\/wp-json\/wp\/v2\/media?parent=3618"}],"curies":[{"name":"wp","href":"https:\/\/api.w.org\/{rel}","templated":true}]}}