{"id":5028,"date":"2025-03-18T09:27:32","date_gmt":"2025-03-18T09:27:32","guid":{"rendered":"https:\/\/malcesinebaldotrail.run\/16k-5-interbank-meisterschaften\/"},"modified":"2025-03-18T09:27:54","modified_gmt":"2025-03-18T09:27:54","slug":"16k-5-interbank-meisterschaften","status":"publish","type":"page","link":"https:\/\/malcesinebaldotrail.run\/de\/16k-5-interbank-meisterschaften\/","title":{"rendered":"16k | 5. Interbank-Meisterschaften"},"content":{"rendered":"<div class=\"fusion-fullwidth fullwidth-box fusion-builder-row-1 fusion-flex-container nonhundred-percent-fullwidth non-hundred-percent-height-scrolling\" style=\"--awb-border-radius-top-left:0px;--awb-border-radius-top-right:0px;--awb-border-radius-bottom-right:0px;--awb-border-radius-bottom-left:0px;--awb-padding-top:80px;--awb-padding-bottom:40px;--awb-flex-wrap:wrap;\" ><div class=\"fusion-builder-row fusion-row fusion-flex-align-items-flex-start fusion-flex-content-wrap\" style=\"max-width:1248px;margin-left: calc(-4% \/ 2 );margin-right: calc(-4% \/ 2 );\"><div class=\"fusion-layout-column fusion_builder_column fusion-builder-column-0 fusion_builder_column_1_1 1_1 fusion-flex-column\" style=\"--awb-bg-size:cover;--awb-width-large:100%;--awb-margin-top-large:0px;--awb-spacing-right-large:1.92%;--awb-margin-bottom-large:20px;--awb-spacing-left-large:1.92%;--awb-width-medium:100%;--awb-order-medium:0;--awb-spacing-right-medium:1.92%;--awb-spacing-left-medium:1.92%;--awb-width-small:100%;--awb-order-small:0;--awb-spacing-right-small:1.92%;--awb-spacing-left-small:1.92%;\"><div class=\"fusion-column-wrapper fusion-column-has-shadow fusion-flex-justify-content-flex-start fusion-content-layout-column\"><div class=\"fusion-title title fusion-title-1 fusion-sep-none fusion-title-text fusion-title-size-four\"><h4 class=\"fusion-title-heading title-heading-left\" style=\"margin:0;\"><p class=\"p2\">5. Interbank Insurance Trail Running Meisterschaften<\/p>\n<p class=\"p3\"><b>Asics Malcesine Baldo Trail &#8211; Kurz<\/b><\/p><\/h4><\/div><div class=\"fusion-text fusion-text-1\" style=\"--awb-text-transform:none;\"><p class=\"p2\">Am Sonntag, den 4. Mai 2025 um 10:00 Uhr findet in Malcesine (VR) im Rahmen der vierten Ausgabe der Veranstaltung &#8222;Asics Malcesine Baldo Trail&#8220; die 5. italienische Interbancario Insurance Trail Running Championship statt, dank der Organisation von VRM TEAM A.S.D. und der Unterst\u00fctzung der Banca Popolare di Sondrio, der Sponsorbank der Meisterschaft. Das f\u00fcr die Meisterschaft gew\u00e4hlte Rennen ist der Short Trail, der sich durch eine L\u00e4nge von etwa 16 km und einen positiven H\u00f6henunterschied von 1.185 Metern auszeichnet. <\/p>\n<\/div><div class=\"fusion-title title fusion-title-2 fusion-sep-none fusion-title-text fusion-title-size-four\"><h4 class=\"fusion-title-heading title-heading-left\" style=\"margin:0;\">Regelung<\/h4><\/div><div class=\"fusion-text fusion-text-2\" style=\"--awb-text-transform:none;\"><p class=\"p3\">Das offizielle Reglement des Short Trail gilt in jeder Hinsicht auch f\u00fcr die Italian Inter-Bank Insurance Championship. Sie k\u00f6nnen es auf der Website der Veranstaltung unter &#8222;16k | Rules and Regulations&#8220; einsehen. <\/p>\n<\/div><div class=\"fusion-title title fusion-title-3 fusion-sep-none fusion-title-text fusion-title-size-four\"><h4 class=\"fusion-title-heading title-heading-left\" style=\"margin:0;\">Teilnahme<\/h4><\/div><div class=\"fusion-text fusion-text-3\" style=\"--awb-text-transform:none;\"><p class=\"p2\">Die folgenden Voraussetzungen m\u00fcssen erf\u00fcllt sein, um an der Interbank Insurance Championship teilzunehmen:<\/p>\n<ol class=\"ol1\">\n<li class=\"li3\">Athleten, die im Jahr 2025 f\u00fcr FIDAL angeschlossene Vereine registriert sind<\/li>\n<li class=\"li2\">Italienische Athleten im Besitz einer Runcard (g\u00fcltig als Sportversicherung und Startberechtigung) und Athleten, die bei einer Sportf\u00f6rderungsorganisation (Sektion Leichtathletik) registriert sind, im Besitz von Runcard-EPS und Runcard Trail, beschr\u00e4nkt auf Personen ab 20 Jahren, die im Besitz einer g\u00fcltigen \u00e4rztlichen Bescheinigung \u00fcber die spezifische agonistische Eignung f\u00fcr die Leichtathletik sind, die den organisierenden Vereinen jeder Veranstaltung zwingend, auch digital, vorgelegt werden muss.<\/li>\n<\/ol>\n<ol class=\"ol1\">\n<li class=\"li5\">Italienische Athleten, die nicht in Italien registriert sind und im Besitz einer f\u00fcr 2025 g\u00fcltigen Mitgliedschaft in einem Verein sind, der einem von World Athletics anerkannten ausl\u00e4ndischen Leichtathletikverband angeh\u00f6rt. Bei der Anmeldung m\u00fcssen sie eine Selbstbescheinigung \u00fcber den Besitz des Mitgliedsausweises von einem von World Athletics anerkannten Verein einreichen. Die Selbstbescheinigung muss dann bei der Abholung der Startnummer unterzeichnet werden.<\/li>\n<li class=\"li2\">Sie m\u00fcssen am 26. April 2025 in einem Bank- oder Versicherungsunternehmen t\u00e4tig sein, aus diesem ausscheiden oder in den Ruhestand treten. Die oben genannte Mitgliedschaft muss auf dem Anmeldeformular best\u00e4tigt werden, das vom Pr\u00e4sidenten des Clubs, dem sie angeh\u00f6ren, oder einer von ihm beauftragten Person unterzeichnet werden muss. <\/li>\n<\/ol>\n<\/div><div class=\"fusion-title title fusion-title-4 fusion-sep-none fusion-title-text fusion-title-size-four\"><h4 class=\"fusion-title-heading title-heading-left\" style=\"margin:0;\">Anmeldung<\/h4><\/div><div class=\"fusion-text fusion-text-4\" style=\"--awb-text-transform:none;\"><p class=\"p1\">Die Einsendungen m\u00fcssen bis sp\u00e4testens Samstag, den 26. April 2025 erfolgen.<\/p>\n<p class=\"p1\">Die erm\u00e4\u00dfigte Startgeb\u00fchr f\u00fcr Teilnehmer an der Meisterschaft wurde auf <b>23,00 \u20ac <\/b>pro Teilnehmer festgelegt und berechtigt sie zu<\/p>\n<ul class=\"ul1\">\n<li class=\"li4\">Rennpaket mit Sponsoren-Werbegeschenken<\/li>\n<li class=\"li4\">Pasta-Party am Ende des Rennens<\/li>\n<li class=\"li4\">Zeitmessung<\/li>\n<li class=\"li4\">Finisher-Medaille<\/li>\n<li class=\"li4\">Finisher-Diplom zum Herunterladen<\/li>\n<li class=\"li4\">Teilkasko mit Rennunfalldeckung<\/li>\n<li class=\"li4\">Medizinischer Plan des italienischen Roten Kreuzes<\/li>\n<li class=\"li1\">M\u00f6glicher R\u00fccktransport im Falle eines Unfalls<\/li>\n<\/ul>\n<\/div><div class=\"fusion-title title fusion-title-5 fusion-sep-none fusion-title-text fusion-title-size-four\"><h4 class=\"fusion-title-heading title-heading-left\" style=\"margin:0;\">Siegerehrung<\/h4><\/div><div class=\"fusion-text fusion-text-5\" style=\"--awb-text-transform:none;\"><p class=\"p1\">Die folgenden Preisverleihungen werden f\u00fcr die 5. Italienische Trailrunning-Meisterschaft stattfinden:<\/p>\n<ul class=\"ul1\">\n<li class=\"li2\">ABSOLUTE INDIVIDUALS: die besten 3 absoluten m\u00e4nnlichen und weiblichen Finisher, Preis kann nicht mit Kategoriepreisen kombiniert werden<\/li>\n<li class=\"li2\">INDIVIDUELLE KATEGORIE: die erstplatzierten M\u00e4nner und Frauen in den Kategorien Senior (1991 &#8211; 2005), Master A (1990 &#8211; 1976), Master B (1975 &#8211; 1961), Master C (1960 und fr\u00fcher)<\/li>\n<li class=\"li1\">TEAMS: Die ersten 3 Teams werden auf der Grundlage der Summe der 4 besten Platzierungen der m\u00e4nnlichen Teilnehmer und der 2 besten Platzierungen der weiblichen Teilnehmer eingestuft. Die Rangfolge wird nach den folgenden Kriterien erstellt: <\/li>\n<\/ul>\n<p class=\"p1\">1. Abnehmende Teilnehmerzahl, bis zu einem Maximum von 5 M\u00e4nnern und 2 Frauen<\/p>\n<p class=\"p1\">2. Steigende Summe der Positionen<\/p>\n<p class=\"p1\">3. Steigende Summe der Zeiten<\/p>\n<p class=\"p1\">Die Siegerehrung findet um 13.40 Uhr in Verbindung mit der des Hauptrennens statt.<\/p>\n<\/div><div class=\"fusion-title title fusion-title-6 fusion-sep-none fusion-title-text fusion-title-size-four\"><h4 class=\"fusion-title-heading title-heading-left\" style=\"margin:0;\">Informationen und Kontakte<\/h4><\/div><div class=\"fusion-text fusion-text-6\" style=\"--awb-text-transform:none;\"><p class=\"p3\">Claudio Arduini (VRM TEAM) <span class=\"s1\">claudio@veronamarathonteam.it <\/span>3284503583<\/p>\n<p class=\"p3\">Luca Fumasoni (Banca Popolare di Sondrio) <span class=\"s1\">running@popso.it <\/span>3485513495<\/p>\n<\/div><\/div><\/div><\/div><\/div>\n","protected":false},"excerpt":{"rendered":"","protected":false},"author":1,"featured_media":0,"parent":0,"menu_order":0,"comment_status":"closed","ping_status":"closed","template":"","meta":{"footnotes":""},"class_list":["post-5028","page","type-page","status-publish","hentry"],"yoast_head":"<!-- This site is optimized with the Yoast SEO plugin v26.9 - https:\/\/yoast.com\/product\/yoast-seo-wordpress\/ -->\n<title>16k | 5. Interbank-Meisterschaften - ASICS Malcesine Baldo Trail<\/title>\n<meta name=\"robots\" content=\"index, follow, max-snippet:-1, max-image-preview:large, max-video-preview:-1\" \/>\n<link rel=\"canonical\" href=\"https:\/\/malcesinebaldotrail.run\/de\/16k-5-interbank-meisterschaften\/\" \/>\n<meta property=\"og:locale\" content=\"de_DE\" \/>\n<meta property=\"og:type\" content=\"article\" \/>\n<meta property=\"og:title\" content=\"16k | 5. Interbank-Meisterschaften - ASICS Malcesine Baldo Trail\" \/>\n<meta property=\"og:url\" content=\"https:\/\/malcesinebaldotrail.run\/de\/16k-5-interbank-meisterschaften\/\" \/>\n<meta property=\"og:site_name\" content=\"ASICS Malcesine Baldo Trail\" \/>\n<meta property=\"article:modified_time\" content=\"2025-03-18T09:27:54+00:00\" \/>\n<meta name=\"twitter:card\" content=\"summary_large_image\" \/>\n<meta name=\"twitter:label1\" content=\"Gesch\u00e4tzte Lesezeit\" \/>\n\t<meta name=\"twitter:data1\" content=\"14\u00a0Minuten\" \/>\n<script type=\"application\/ld+json\" class=\"yoast-schema-graph\">{\"@context\":\"https:\/\/schema.org\",\"@graph\":[{\"@type\":\"WebPage\",\"@id\":\"https:\/\/malcesinebaldotrail.run\/de\/16k-5-interbank-meisterschaften\/\",\"url\":\"https:\/\/malcesinebaldotrail.run\/de\/16k-5-interbank-meisterschaften\/\",\"name\":\"16k | 5. Interbank-Meisterschaften - ASICS Malcesine Baldo Trail\",\"isPartOf\":{\"@id\":\"https:\/\/malcesinebaldotrail.run\/de\/#website\"},\"datePublished\":\"2025-03-18T09:27:32+00:00\",\"dateModified\":\"2025-03-18T09:27:54+00:00\",\"breadcrumb\":{\"@id\":\"https:\/\/malcesinebaldotrail.run\/de\/16k-5-interbank-meisterschaften\/#breadcrumb\"},\"inLanguage\":\"de\",\"potentialAction\":[{\"@type\":\"ReadAction\",\"target\":[\"https:\/\/malcesinebaldotrail.run\/de\/16k-5-interbank-meisterschaften\/\"]}]},{\"@type\":\"BreadcrumbList\",\"@id\":\"https:\/\/malcesinebaldotrail.run\/de\/16k-5-interbank-meisterschaften\/#breadcrumb\",\"itemListElement\":[{\"@type\":\"ListItem\",\"position\":1,\"name\":\"Home\",\"item\":\"https:\/\/malcesinebaldotrail.run\/de\/sample-page\/\"},{\"@type\":\"ListItem\",\"position\":2,\"name\":\"16k | 5. Interbank-Meisterschaften\"}]},{\"@type\":\"WebSite\",\"@id\":\"https:\/\/malcesinebaldotrail.run\/de\/#website\",\"url\":\"https:\/\/malcesinebaldotrail.run\/de\/\",\"name\":\"ASICS Malcesine Baldo Trail\",\"description\":\"\",\"potentialAction\":[{\"@type\":\"SearchAction\",\"target\":{\"@type\":\"EntryPoint\",\"urlTemplate\":\"https:\/\/malcesinebaldotrail.run\/de\/?s={search_term_string}\"},\"query-input\":{\"@type\":\"PropertyValueSpecification\",\"valueRequired\":true,\"valueName\":\"search_term_string\"}}],\"inLanguage\":\"de\"}]}<\/script>\n<!-- \/ Yoast SEO plugin. -->","yoast_head_json":{"title":"16k | 5. Interbank-Meisterschaften - ASICS Malcesine Baldo Trail","robots":{"index":"index","follow":"follow","max-snippet":"max-snippet:-1","max-image-preview":"max-image-preview:large","max-video-preview":"max-video-preview:-1"},"canonical":"https:\/\/malcesinebaldotrail.run\/de\/16k-5-interbank-meisterschaften\/","og_locale":"de_DE","og_type":"article","og_title":"16k | 5. Interbank-Meisterschaften - ASICS Malcesine Baldo Trail","og_url":"https:\/\/malcesinebaldotrail.run\/de\/16k-5-interbank-meisterschaften\/","og_site_name":"ASICS Malcesine Baldo Trail","article_modified_time":"2025-03-18T09:27:54+00:00","twitter_card":"summary_large_image","twitter_misc":{"Gesch\u00e4tzte Lesezeit":"14\u00a0Minuten"},"schema":{"@context":"https:\/\/schema.org","@graph":[{"@type":"WebPage","@id":"https:\/\/malcesinebaldotrail.run\/de\/16k-5-interbank-meisterschaften\/","url":"https:\/\/malcesinebaldotrail.run\/de\/16k-5-interbank-meisterschaften\/","name":"16k | 5. Interbank-Meisterschaften - ASICS Malcesine Baldo Trail","isPartOf":{"@id":"https:\/\/malcesinebaldotrail.run\/de\/#website"},"datePublished":"2025-03-18T09:27:32+00:00","dateModified":"2025-03-18T09:27:54+00:00","breadcrumb":{"@id":"https:\/\/malcesinebaldotrail.run\/de\/16k-5-interbank-meisterschaften\/#breadcrumb"},"inLanguage":"de","potentialAction":[{"@type":"ReadAction","target":["https:\/\/malcesinebaldotrail.run\/de\/16k-5-interbank-meisterschaften\/"]}]},{"@type":"BreadcrumbList","@id":"https:\/\/malcesinebaldotrail.run\/de\/16k-5-interbank-meisterschaften\/#breadcrumb","itemListElement":[{"@type":"ListItem","position":1,"name":"Home","item":"https:\/\/malcesinebaldotrail.run\/de\/sample-page\/"},{"@type":"ListItem","position":2,"name":"16k | 5. Interbank-Meisterschaften"}]},{"@type":"WebSite","@id":"https:\/\/malcesinebaldotrail.run\/de\/#website","url":"https:\/\/malcesinebaldotrail.run\/de\/","name":"ASICS Malcesine Baldo Trail","description":"","potentialAction":[{"@type":"SearchAction","target":{"@type":"EntryPoint","urlTemplate":"https:\/\/malcesinebaldotrail.run\/de\/?s={search_term_string}"},"query-input":{"@type":"PropertyValueSpecification","valueRequired":true,"valueName":"search_term_string"}}],"inLanguage":"de"}]}},"_links":{"self":[{"href":"https:\/\/malcesinebaldotrail.run\/de\/wp-json\/wp\/v2\/pages\/5028","targetHints":{"allow":["GET"]}}],"collection":[{"href":"https:\/\/malcesinebaldotrail.run\/de\/wp-json\/wp\/v2\/pages"}],"about":[{"href":"https:\/\/malcesinebaldotrail.run\/de\/wp-json\/wp\/v2\/types\/page"}],"author":[{"embeddable":true,"href":"https:\/\/malcesinebaldotrail.run\/de\/wp-json\/wp\/v2\/users\/1"}],"replies":[{"embeddable":true,"href":"https:\/\/malcesinebaldotrail.run\/de\/wp-json\/wp\/v2\/comments?post=5028"}],"version-history":[{"count":4,"href":"https:\/\/malcesinebaldotrail.run\/de\/wp-json\/wp\/v2\/pages\/5028\/revisions"}],"predecessor-version":[{"id":5034,"href":"https:\/\/malcesinebaldotrail.run\/de\/wp-json\/wp\/v2\/pages\/5028\/revisions\/5034"}],"wp:attachment":[{"href":"https:\/\/malcesinebaldotrail.run\/de\/wp-json\/wp\/v2\/media?parent=5028"}],"curies":[{"name":"wp","href":"https:\/\/api.w.org\/{rel}","templated":true}]}}