{"id":5064,"date":"2025-04-09T13:53:22","date_gmt":"2025-04-09T13:53:22","guid":{"rendered":"https:\/\/malcesinebaldotrail.run\/veranstaltung\/"},"modified":"2025-04-14T06:47:24","modified_gmt":"2025-04-14T06:47:24","slug":"veranstaltung","status":"publish","type":"page","link":"https:\/\/malcesinebaldotrail.run\/de\/veranstaltung\/","title":{"rendered":"Veranstaltung"},"content":{"rendered":"<p><div class=\"fusion-fullwidth fullwidth-box fusion-builder-row-1 fusion-flex-container nonhundred-percent-fullwidth non-hundred-percent-height-scrolling\" style=\"--awb-border-radius-top-left:0px;--awb-border-radius-top-right:0px;--awb-border-radius-bottom-right:0px;--awb-border-radius-bottom-left:0px;--awb-padding-top:80px;--awb-flex-wrap:wrap;\" ><div class=\"fusion-builder-row fusion-row fusion-flex-align-items-flex-start fusion-flex-content-wrap\" style=\"max-width:1248px;margin-left: calc(-4% \/ 2 );margin-right: calc(-4% \/ 2 );\"><div class=\"fusion-layout-column fusion_builder_column fusion-builder-column-0 fusion_builder_column_1_3 1_3 fusion-flex-column\" style=\"--awb-bg-size:cover;--awb-width-large:33.333333333333%;--awb-margin-top-large:0px;--awb-spacing-right-large:5.76%;--awb-margin-bottom-large:20px;--awb-spacing-left-large:5.76%;--awb-width-medium:33.333333333333%;--awb-order-medium:0;--awb-spacing-right-medium:5.76%;--awb-spacing-left-medium:5.76%;--awb-width-small:100%;--awb-order-small:0;--awb-spacing-right-small:1.92%;--awb-spacing-left-small:1.92%;\"><div class=\"fusion-column-wrapper fusion-column-has-shadow fusion-flex-justify-content-flex-start fusion-content-layout-column\"><div class=\"fusion-image-element \" style=\"--awb-caption-title-font-family:var(--h2_typography-font-family);--awb-caption-title-font-weight:var(--h2_typography-font-weight);--awb-caption-title-font-style:var(--h2_typography-font-style);--awb-caption-title-size:var(--h2_typography-font-size);--awb-caption-title-transform:var(--h2_typography-text-transform);--awb-caption-title-line-height:var(--h2_typography-line-height);--awb-caption-title-letter-spacing:var(--h2_typography-letter-spacing);\"><span class=\" fusion-imageframe imageframe-none imageframe-1 hover-type-none\"><a href=\"https:\/\/malcesinebaldotrail.run\/wp-content\/uploads\/2025\/04\/16K-0272-T_Trimeloni-JairoIMG_3525-800x600.jpg\" class=\"fusion-lightbox\" data-rel=\"iLightbox[ac0f48e30c3c2d605a3]\" data-title=\"16K 0272 T_Trimeloni JairoIMG_3525\" title=\"16K 0272 T_Trimeloni JairoIMG_3525\"><img decoding=\"async\" width=\"800\" height=\"600\" src=\"https:\/\/malcesinebaldotrail.run\/wp-content\/uploads\/2025\/04\/16K-0272-T_Trimeloni-JairoIMG_3525-800x600.jpg\" alt class=\"img-responsive wp-image-5041\" srcset=\"https:\/\/malcesinebaldotrail.run\/wp-content\/uploads\/2025\/04\/16K-0272-T_Trimeloni-JairoIMG_3525-200x150.jpg 200w, https:\/\/malcesinebaldotrail.run\/wp-content\/uploads\/2025\/04\/16K-0272-T_Trimeloni-JairoIMG_3525-400x300.jpg 400w, https:\/\/malcesinebaldotrail.run\/wp-content\/uploads\/2025\/04\/16K-0272-T_Trimeloni-JairoIMG_3525-600x450.jpg 600w, https:\/\/malcesinebaldotrail.run\/wp-content\/uploads\/2025\/04\/16K-0272-T_Trimeloni-JairoIMG_3525-800x600.jpg 800w, https:\/\/malcesinebaldotrail.run\/wp-content\/uploads\/2025\/04\/16K-0272-T_Trimeloni-JairoIMG_3525-1200x900.jpg 1200w\" sizes=\"(max-width: 640px) 100vw, 400px\" \/><\/a><\/span><\/div><\/div><\/div><div class=\"fusion-layout-column fusion_builder_column fusion-builder-column-1 fusion_builder_column_2_3 2_3 fusion-flex-column\" style=\"--awb-bg-size:cover;--awb-width-large:66.666666666667%;--awb-margin-top-large:0px;--awb-spacing-right-large:2.88%;--awb-margin-bottom-large:20px;--awb-spacing-left-large:2.88%;--awb-width-medium:66.666666666667%;--awb-order-medium:0;--awb-spacing-right-medium:2.88%;--awb-spacing-left-medium:2.88%;--awb-width-small:100%;--awb-order-small:0;--awb-spacing-right-small:1.92%;--awb-spacing-left-small:1.92%;\"><div class=\"fusion-column-wrapper fusion-column-has-shadow fusion-flex-justify-content-flex-start fusion-content-layout-column\"><div class=\"fusion-title title fusion-title-1 fusion-sep-none fusion-title-text fusion-title-size-three\"><h3 class=\"fusion-title-heading title-heading-left\" style=\"margin:0;\">\u00dcber uns<\/h3><\/div><div class=\"fusion-text fusion-text-1\" style=\"--awb-text-transform:none;\"><p>Leidenschaft und Erfahrung sind die Triebfedern von VRM TEAM ASD, dem Sportverein, der im Dezember 2020 von einer Gruppe von Laufenthusiasten und Organisatoren hochkar\u00e4tiger internationaler Veranstaltungen gegr\u00fcndet wurde. Mit \u00fcber 130 registrierten Athleten im ersten Jahr hat das Team einzigartige Veranstaltungen wie den Trail delle Mura in Verona und die Resia Rosolina-Staffel, ein 430 km langer Staffellauf entlang der Etsch, ins Leben gerufen. Entdecken Sie alle unsere Veranstaltungen!<\/p>\n<\/div><\/div><\/div><\/div><\/div><div class=\"fusion-fullwidth fullwidth-box fusion-builder-row-2 fusion-flex-container nonhundred-percent-fullwidth non-hundred-percent-height-scrolling\" style=\"--awb-border-radius-top-left:0px;--awb-border-radius-top-right:0px;--awb-border-radius-bottom-right:0px;--awb-border-radius-bottom-left:0px;--awb-padding-top:80px;--awb-flex-wrap:wrap;\" ><div class=\"fusion-builder-row fusion-row fusion-flex-align-items-flex-start fusion-flex-content-wrap\" style=\"max-width:1248px;margin-left: calc(-4% \/ 2 );margin-right: calc(-4% \/ 2 );\"><div class=\"fusion-layout-column fusion_builder_column fusion-builder-column-2 fusion_builder_column_2_3 2_3 fusion-flex-column fusion-flex-align-self-flex-start\" style=\"--awb-bg-size:cover;--awb-width-large:66.666666666667%;--awb-margin-top-large:0px;--awb-spacing-right-large:2.88%;--awb-margin-bottom-large:20px;--awb-spacing-left-large:2.88%;--awb-width-medium:66.666666666667%;--awb-order-medium:0;--awb-spacing-right-medium:2.88%;--awb-spacing-left-medium:2.88%;--awb-width-small:100%;--awb-order-small:0;--awb-spacing-right-small:1.92%;--awb-spacing-left-small:1.92%;\"><div class=\"fusion-column-wrapper fusion-column-has-shadow fusion-flex-justify-content-flex-start fusion-content-layout-column\"><div class=\"fusion-title title fusion-title-2 fusion-sep-none fusion-title-text fusion-title-size-three\"><h3 class=\"fusion-title-heading title-heading-left\" style=\"margin:0;\">Territorium<\/h3><\/div><div class=\"fusion-text fusion-text-2\" style=\"--awb-text-transform:none;\"><p>Entdecken Sie die zeitlose Sch\u00f6nheit der Gegend, die der Malcesine Baldo Trail durchquert: eine Reise durch historische Pfade aus dem Ersten Weltkrieg, faszinierende D\u00f6rfer, alte Kirchen und atemberaubende Ausblicke vom Monte Baldo bis zum Gardasee. Ein Erlebnis von Natur, Kultur und Geschichte, das jede Etappe des Weges einzigartig macht.<\/p>\n<\/div><\/div><\/div><div class=\"fusion-layout-column fusion_builder_column fusion-builder-column-3 fusion_builder_column_1_3 1_3 fusion-flex-column fusion-flex-align-self-flex-start\" style=\"--awb-bg-size:cover;--awb-width-large:33.333333333333%;--awb-margin-top-large:0px;--awb-spacing-right-large:5.76%;--awb-margin-bottom-large:20px;--awb-spacing-left-large:5.76%;--awb-width-medium:33.333333333333%;--awb-order-medium:0;--awb-spacing-right-medium:5.76%;--awb-spacing-left-medium:5.76%;--awb-width-small:100%;--awb-order-small:0;--awb-spacing-right-small:1.92%;--awb-spacing-left-small:1.92%;\"><div class=\"fusion-column-wrapper fusion-column-has-shadow fusion-flex-justify-content-flex-start fusion-content-layout-column\"><div class=\"fusion-image-element \" style=\"--awb-caption-title-font-family:var(--h2_typography-font-family);--awb-caption-title-font-weight:var(--h2_typography-font-weight);--awb-caption-title-font-style:var(--h2_typography-font-style);--awb-caption-title-size:var(--h2_typography-font-size);--awb-caption-title-transform:var(--h2_typography-text-transform);--awb-caption-title-line-height:var(--h2_typography-line-height);--awb-caption-title-letter-spacing:var(--h2_typography-letter-spacing);\"><span class=\" fusion-imageframe imageframe-none imageframe-2 hover-type-none\"><a href=\"https:\/\/malcesinebaldotrail.run\/wp-content\/uploads\/2023\/05\/50K_0048-Michele-Mascalzoni_01_KRL0719-800x533.jpg\" class=\"fusion-lightbox\" data-rel=\"iLightbox[3164e691ae1e636d7c6]\" data-title=\"50K_0048 Michele Mascalzoni_01_KRL0719\" title=\"50K_0048 Michele Mascalzoni_01_KRL0719\"><img decoding=\"async\" width=\"800\" height=\"533\" src=\"https:\/\/malcesinebaldotrail.run\/wp-content\/uploads\/2023\/05\/50K_0048-Michele-Mascalzoni_01_KRL0719-800x533.jpg\" alt class=\"img-responsive wp-image-3190\" srcset=\"https:\/\/malcesinebaldotrail.run\/wp-content\/uploads\/2023\/05\/50K_0048-Michele-Mascalzoni_01_KRL0719-200x133.jpg 200w, https:\/\/malcesinebaldotrail.run\/wp-content\/uploads\/2023\/05\/50K_0048-Michele-Mascalzoni_01_KRL0719-400x267.jpg 400w, https:\/\/malcesinebaldotrail.run\/wp-content\/uploads\/2023\/05\/50K_0048-Michele-Mascalzoni_01_KRL0719-600x400.jpg 600w, https:\/\/malcesinebaldotrail.run\/wp-content\/uploads\/2023\/05\/50K_0048-Michele-Mascalzoni_01_KRL0719-800x533.jpg 800w, https:\/\/malcesinebaldotrail.run\/wp-content\/uploads\/2023\/05\/50K_0048-Michele-Mascalzoni_01_KRL0719-1200x800.jpg 1200w\" sizes=\"(max-width: 640px) 100vw, 400px\" \/><\/a><\/span><\/div><\/div><\/div><\/div><\/div><div class=\"fusion-fullwidth fullwidth-box fusion-builder-row-3 fusion-flex-container nonhundred-percent-fullwidth non-hundred-percent-height-scrolling\" style=\"--awb-border-radius-top-left:0px;--awb-border-radius-top-right:0px;--awb-border-radius-bottom-right:0px;--awb-border-radius-bottom-left:0px;--awb-padding-top:80px;--awb-flex-wrap:wrap;\" ><div class=\"fusion-builder-row fusion-row fusion-flex-align-items-flex-start fusion-flex-content-wrap\" style=\"max-width:1248px;margin-left: calc(-4% \/ 2 );margin-right: calc(-4% \/ 2 );\"><div class=\"fusion-layout-column fusion_builder_column fusion-builder-column-4 fusion_builder_column_1_3 1_3 fusion-flex-column\" style=\"--awb-bg-size:cover;--awb-width-large:33.333333333333%;--awb-margin-top-large:0px;--awb-spacing-right-large:5.76%;--awb-margin-bottom-large:20px;--awb-spacing-left-large:5.76%;--awb-width-medium:33.333333333333%;--awb-order-medium:0;--awb-spacing-right-medium:5.76%;--awb-spacing-left-medium:5.76%;--awb-width-small:100%;--awb-order-small:0;--awb-spacing-right-small:1.92%;--awb-spacing-left-small:1.92%;\"><div class=\"fusion-column-wrapper fusion-column-has-shadow fusion-flex-justify-content-flex-start fusion-content-layout-column\"><div class=\"fusion-image-element \" style=\"--awb-caption-title-font-family:var(--h2_typography-font-family);--awb-caption-title-font-weight:var(--h2_typography-font-weight);--awb-caption-title-font-style:var(--h2_typography-font-style);--awb-caption-title-size:var(--h2_typography-font-size);--awb-caption-title-transform:var(--h2_typography-text-transform);--awb-caption-title-line-height:var(--h2_typography-line-height);--awb-caption-title-letter-spacing:var(--h2_typography-letter-spacing);\"><span class=\" fusion-imageframe imageframe-none imageframe-3 hover-type-none\"><a href=\"https:\/\/malcesinebaldotrail.run\/wp-content\/uploads\/2025\/04\/La-casa-dei-sogni-800x600.jpg\" class=\"fusion-lightbox\" data-rel=\"iLightbox[2ff5328ff4e66894e26]\" data-title=\"La casa dei sogni\" title=\"La casa dei sogni\"><img decoding=\"async\" width=\"800\" height=\"600\" src=\"https:\/\/malcesinebaldotrail.run\/wp-content\/uploads\/2025\/04\/La-casa-dei-sogni-800x600.jpg\" alt class=\"img-responsive wp-image-5047\" srcset=\"https:\/\/malcesinebaldotrail.run\/wp-content\/uploads\/2025\/04\/La-casa-dei-sogni-200x150.jpg 200w, https:\/\/malcesinebaldotrail.run\/wp-content\/uploads\/2025\/04\/La-casa-dei-sogni-400x300.jpg 400w, https:\/\/malcesinebaldotrail.run\/wp-content\/uploads\/2025\/04\/La-casa-dei-sogni-600x450.jpg 600w, https:\/\/malcesinebaldotrail.run\/wp-content\/uploads\/2025\/04\/La-casa-dei-sogni-800x600.jpg 800w, https:\/\/malcesinebaldotrail.run\/wp-content\/uploads\/2025\/04\/La-casa-dei-sogni.jpg 960w\" sizes=\"(max-width: 640px) 100vw, 400px\" \/><\/a><\/span><\/div><\/div><\/div><div class=\"fusion-layout-column fusion_builder_column fusion-builder-column-5 fusion_builder_column_2_3 2_3 fusion-flex-column\" style=\"--awb-bg-size:cover;--awb-width-large:66.666666666667%;--awb-margin-top-large:0px;--awb-spacing-right-large:2.88%;--awb-margin-bottom-large:20px;--awb-spacing-left-large:2.88%;--awb-width-medium:66.666666666667%;--awb-order-medium:0;--awb-spacing-right-medium:2.88%;--awb-spacing-left-medium:2.88%;--awb-width-small:100%;--awb-order-small:0;--awb-spacing-right-small:1.92%;--awb-spacing-left-small:1.92%;\"><div class=\"fusion-column-wrapper fusion-column-has-shadow fusion-flex-justify-content-flex-start fusion-content-layout-column\"><div class=\"fusion-title title fusion-title-3 fusion-sep-none fusion-title-text fusion-title-size-three\"><h3 class=\"fusion-title-heading title-heading-left\" style=\"margin:0;\">Projekt Eingliederung<\/h3><\/div><div class=\"fusion-text fusion-text-3\" style=\"--awb-text-transform:none;\"><p>Entdecken Sie die Initiative des Vereins <a href=\"https:\/\/www.lacasadeisogni.net\/\">Casa dei Sogni<\/a> in Caprino Veronese, der sich seit 2008 f\u00fcr die Eingliederung von Menschen mit psychophysischen Behinderungen durch Sozialisierungs- und Unterst\u00fctzungsaktivit\u00e4ten einsetzt. Die Jugendlichen unterst\u00fctzen die Verwaltung des Erfrischungsbereichs im Tratto Spino!<\/p>\n<\/div><\/div><\/div><\/div><\/div><div class=\"fusion-fullwidth fullwidth-box fusion-builder-row-4 fusion-flex-container nonhundred-percent-fullwidth non-hundred-percent-height-scrolling\" style=\"--awb-border-radius-top-left:0px;--awb-border-radius-top-right:0px;--awb-border-radius-bottom-right:0px;--awb-border-radius-bottom-left:0px;--awb-padding-top:80px;--awb-flex-wrap:wrap;\" ><div class=\"fusion-builder-row fusion-row fusion-flex-align-items-flex-start fusion-flex-content-wrap\" style=\"max-width:1248px;margin-left: calc(-4% \/ 2 );margin-right: calc(-4% \/ 2 );\"><div class=\"fusion-layout-column fusion_builder_column fusion-builder-column-6 fusion_builder_column_2_3 2_3 fusion-flex-column\" style=\"--awb-bg-size:cover;--awb-width-large:66.666666666667%;--awb-margin-top-large:0px;--awb-spacing-right-large:2.88%;--awb-margin-bottom-large:20px;--awb-spacing-left-large:2.88%;--awb-width-medium:66.666666666667%;--awb-order-medium:0;--awb-spacing-right-medium:2.88%;--awb-spacing-left-medium:2.88%;--awb-width-small:100%;--awb-order-small:0;--awb-spacing-right-small:1.92%;--awb-spacing-left-small:1.92%;\"><div class=\"fusion-column-wrapper fusion-column-has-shadow fusion-flex-justify-content-flex-start fusion-content-layout-column\"><div class=\"fusion-title title fusion-title-4 fusion-sep-none fusion-title-text fusion-title-size-three\"><h3 class=\"fusion-title-heading title-heading-left\" style=\"margin:0;\">Erfrischungsfreundliche Einrichtungen<\/h3><\/div><div class=\"fusion-text fusion-text-4\" style=\"--awb-text-transform:none;\"><div id=\"block-bey-content\" class=\"block block-system block-system-main-block\">\n<p>Hinter jeder Verpflegungsstation steht ein Herz, das f\u00fcr den Trail schl\u00e4gt: Entdecken Sie all die Menschen, Vereine und Organisationen, die jede Etappe des Asics Malcesine Baldo Trail m\u00f6glich machen, indem sie Unterst\u00fctzung, L\u00e4cheln und Leidenschaft auf dem Weg anbieten. Eine gro\u00dfartige Teamleistung, die das Rennen zu einem unvergesslichen Erlebnis macht. <\/p>\n<\/div>\n<div id=\"block-views-block-contenuti-figli-block-1\" class=\"views-element-container block block-views block-views-blockcontenuti-figli-block-1\">\n<div class=\"content\">\n<div class=\"col-auto\">\n<div class=\"view view-contenuti-figli view-id-contenuti_figli view-display-id-block_1 js-view-dom-id-de9ad8066dcc7f69387b5feb7dee1a72992cf074ce7b8fba2f551de32837f25d\">\n<div class=\"view-header\"><\/div>\n<div class=\"view-content row\">\n<div class=\"views-row\">\n<div class=\"views-field views-field-field-immagine-principale\"><\/div>\n<\/div>\n<\/div>\n<\/div>\n<\/div>\n<\/div>\n<\/div>\n<\/div><\/div><\/div><div class=\"fusion-layout-column fusion_builder_column fusion-builder-column-7 fusion_builder_column_1_3 1_3 fusion-flex-column\" style=\"--awb-bg-size:cover;--awb-width-large:33.333333333333%;--awb-margin-top-large:0px;--awb-spacing-right-large:5.76%;--awb-margin-bottom-large:20px;--awb-spacing-left-large:5.76%;--awb-width-medium:33.333333333333%;--awb-order-medium:0;--awb-spacing-right-medium:5.76%;--awb-spacing-left-medium:5.76%;--awb-width-small:100%;--awb-order-small:0;--awb-spacing-right-small:1.92%;--awb-spacing-left-small:1.92%;\"><div class=\"fusion-column-wrapper fusion-column-has-shadow fusion-flex-justify-content-flex-start fusion-content-layout-column\"><div class=\"fusion-image-element \" style=\"--awb-caption-title-font-family:var(--h2_typography-font-family);--awb-caption-title-font-weight:var(--h2_typography-font-weight);--awb-caption-title-font-style:var(--h2_typography-font-style);--awb-caption-title-size:var(--h2_typography-font-size);--awb-caption-title-transform:var(--h2_typography-text-transform);--awb-caption-title-line-height:var(--h2_typography-line-height);--awb-caption-title-letter-spacing:var(--h2_typography-letter-spacing);\"><span class=\" fusion-imageframe imageframe-none imageframe-4 hover-type-none\"><a href=\"https:\/\/malcesinebaldotrail.run\/wp-content\/uploads\/2025\/04\/50K_0209-Michele-Mascalzoni_01_KRL1263-800x533.jpg\" class=\"fusion-lightbox\" data-rel=\"iLightbox[26950a02fca49a204e1]\" data-title=\"50K_0209 Michele Mascalzoni_01_KRL1263\" title=\"50K_0209 Michele Mascalzoni_01_KRL1263\"><img decoding=\"async\" width=\"800\" height=\"533\" src=\"https:\/\/malcesinebaldotrail.run\/wp-content\/uploads\/2025\/04\/50K_0209-Michele-Mascalzoni_01_KRL1263-800x533.jpg\" alt class=\"img-responsive wp-image-5050\" srcset=\"https:\/\/malcesinebaldotrail.run\/wp-content\/uploads\/2025\/04\/50K_0209-Michele-Mascalzoni_01_KRL1263-200x133.jpg 200w, https:\/\/malcesinebaldotrail.run\/wp-content\/uploads\/2025\/04\/50K_0209-Michele-Mascalzoni_01_KRL1263-400x267.jpg 400w, https:\/\/malcesinebaldotrail.run\/wp-content\/uploads\/2025\/04\/50K_0209-Michele-Mascalzoni_01_KRL1263-600x400.jpg 600w, https:\/\/malcesinebaldotrail.run\/wp-content\/uploads\/2025\/04\/50K_0209-Michele-Mascalzoni_01_KRL1263-800x533.jpg 800w, https:\/\/malcesinebaldotrail.run\/wp-content\/uploads\/2025\/04\/50K_0209-Michele-Mascalzoni_01_KRL1263-1200x800.jpg 1200w\" sizes=\"(max-width: 640px) 100vw, 400px\" \/><\/a><\/span><\/div><\/div><\/div><\/div><\/div><\/p>\n","protected":false},"excerpt":{"rendered":"","protected":false},"author":1,"featured_media":0,"parent":0,"menu_order":0,"comment_status":"closed","ping_status":"closed","template":"","meta":{"footnotes":""},"class_list":["post-5064","page","type-page","status-publish","hentry"],"yoast_head":"<!-- This site is optimized with the Yoast SEO plugin v26.9 - https:\/\/yoast.com\/product\/yoast-seo-wordpress\/ -->\n<title>Veranstaltung - ASICS Malcesine Baldo Trail<\/title>\n<meta name=\"robots\" content=\"index, follow, max-snippet:-1, max-image-preview:large, max-video-preview:-1\" \/>\n<link rel=\"canonical\" href=\"https:\/\/malcesinebaldotrail.run\/de\/veranstaltung\/\" \/>\n<meta property=\"og:locale\" content=\"de_DE\" \/>\n<meta property=\"og:type\" content=\"article\" \/>\n<meta property=\"og:title\" content=\"Veranstaltung - ASICS Malcesine Baldo Trail\" \/>\n<meta property=\"og:url\" content=\"https:\/\/malcesinebaldotrail.run\/de\/veranstaltung\/\" \/>\n<meta property=\"og:site_name\" content=\"ASICS Malcesine Baldo Trail\" \/>\n<meta property=\"article:modified_time\" content=\"2025-04-14T06:47:24+00:00\" \/>\n<meta name=\"twitter:card\" content=\"summary_large_image\" \/>\n<meta name=\"twitter:label1\" content=\"Gesch\u00e4tzte Lesezeit\" \/>\n\t<meta name=\"twitter:data1\" content=\"28\u00a0Minuten\" \/>\n<script type=\"application\/ld+json\" class=\"yoast-schema-graph\">{\"@context\":\"https:\/\/schema.org\",\"@graph\":[{\"@type\":\"WebPage\",\"@id\":\"https:\/\/malcesinebaldotrail.run\/de\/veranstaltung\/\",\"url\":\"https:\/\/malcesinebaldotrail.run\/de\/veranstaltung\/\",\"name\":\"Veranstaltung - ASICS Malcesine Baldo Trail\",\"isPartOf\":{\"@id\":\"https:\/\/malcesinebaldotrail.run\/de\/#website\"},\"datePublished\":\"2025-04-09T13:53:22+00:00\",\"dateModified\":\"2025-04-14T06:47:24+00:00\",\"breadcrumb\":{\"@id\":\"https:\/\/malcesinebaldotrail.run\/de\/veranstaltung\/#breadcrumb\"},\"inLanguage\":\"de\",\"potentialAction\":[{\"@type\":\"ReadAction\",\"target\":[\"https:\/\/malcesinebaldotrail.run\/de\/veranstaltung\/\"]}]},{\"@type\":\"BreadcrumbList\",\"@id\":\"https:\/\/malcesinebaldotrail.run\/de\/veranstaltung\/#breadcrumb\",\"itemListElement\":[{\"@type\":\"ListItem\",\"position\":1,\"name\":\"Home\",\"item\":\"https:\/\/malcesinebaldotrail.run\/de\/sample-page\/\"},{\"@type\":\"ListItem\",\"position\":2,\"name\":\"Veranstaltung\"}]},{\"@type\":\"WebSite\",\"@id\":\"https:\/\/malcesinebaldotrail.run\/de\/#website\",\"url\":\"https:\/\/malcesinebaldotrail.run\/de\/\",\"name\":\"ASICS Malcesine Baldo Trail\",\"description\":\"\",\"potentialAction\":[{\"@type\":\"SearchAction\",\"target\":{\"@type\":\"EntryPoint\",\"urlTemplate\":\"https:\/\/malcesinebaldotrail.run\/de\/?s={search_term_string}\"},\"query-input\":{\"@type\":\"PropertyValueSpecification\",\"valueRequired\":true,\"valueName\":\"search_term_string\"}}],\"inLanguage\":\"de\"}]}<\/script>\n<!-- \/ Yoast SEO plugin. -->","yoast_head_json":{"title":"Veranstaltung - ASICS Malcesine Baldo Trail","robots":{"index":"index","follow":"follow","max-snippet":"max-snippet:-1","max-image-preview":"max-image-preview:large","max-video-preview":"max-video-preview:-1"},"canonical":"https:\/\/malcesinebaldotrail.run\/de\/veranstaltung\/","og_locale":"de_DE","og_type":"article","og_title":"Veranstaltung - ASICS Malcesine Baldo Trail","og_url":"https:\/\/malcesinebaldotrail.run\/de\/veranstaltung\/","og_site_name":"ASICS Malcesine Baldo Trail","article_modified_time":"2025-04-14T06:47:24+00:00","twitter_card":"summary_large_image","twitter_misc":{"Gesch\u00e4tzte Lesezeit":"28\u00a0Minuten"},"schema":{"@context":"https:\/\/schema.org","@graph":[{"@type":"WebPage","@id":"https:\/\/malcesinebaldotrail.run\/de\/veranstaltung\/","url":"https:\/\/malcesinebaldotrail.run\/de\/veranstaltung\/","name":"Veranstaltung - ASICS Malcesine Baldo Trail","isPartOf":{"@id":"https:\/\/malcesinebaldotrail.run\/de\/#website"},"datePublished":"2025-04-09T13:53:22+00:00","dateModified":"2025-04-14T06:47:24+00:00","breadcrumb":{"@id":"https:\/\/malcesinebaldotrail.run\/de\/veranstaltung\/#breadcrumb"},"inLanguage":"de","potentialAction":[{"@type":"ReadAction","target":["https:\/\/malcesinebaldotrail.run\/de\/veranstaltung\/"]}]},{"@type":"BreadcrumbList","@id":"https:\/\/malcesinebaldotrail.run\/de\/veranstaltung\/#breadcrumb","itemListElement":[{"@type":"ListItem","position":1,"name":"Home","item":"https:\/\/malcesinebaldotrail.run\/de\/sample-page\/"},{"@type":"ListItem","position":2,"name":"Veranstaltung"}]},{"@type":"WebSite","@id":"https:\/\/malcesinebaldotrail.run\/de\/#website","url":"https:\/\/malcesinebaldotrail.run\/de\/","name":"ASICS Malcesine Baldo Trail","description":"","potentialAction":[{"@type":"SearchAction","target":{"@type":"EntryPoint","urlTemplate":"https:\/\/malcesinebaldotrail.run\/de\/?s={search_term_string}"},"query-input":{"@type":"PropertyValueSpecification","valueRequired":true,"valueName":"search_term_string"}}],"inLanguage":"de"}]}},"_links":{"self":[{"href":"https:\/\/malcesinebaldotrail.run\/de\/wp-json\/wp\/v2\/pages\/5064","targetHints":{"allow":["GET"]}}],"collection":[{"href":"https:\/\/malcesinebaldotrail.run\/de\/wp-json\/wp\/v2\/pages"}],"about":[{"href":"https:\/\/malcesinebaldotrail.run\/de\/wp-json\/wp\/v2\/types\/page"}],"author":[{"embeddable":true,"href":"https:\/\/malcesinebaldotrail.run\/de\/wp-json\/wp\/v2\/users\/1"}],"replies":[{"embeddable":true,"href":"https:\/\/malcesinebaldotrail.run\/de\/wp-json\/wp\/v2\/comments?post=5064"}],"version-history":[{"count":9,"href":"https:\/\/malcesinebaldotrail.run\/de\/wp-json\/wp\/v2\/pages\/5064\/revisions"}],"predecessor-version":[{"id":5107,"href":"https:\/\/malcesinebaldotrail.run\/de\/wp-json\/wp\/v2\/pages\/5064\/revisions\/5107"}],"wp:attachment":[{"href":"https:\/\/malcesinebaldotrail.run\/de\/wp-json\/wp\/v2\/media?parent=5064"}],"curies":[{"name":"wp","href":"https:\/\/api.w.org\/{rel}","templated":true}]}}