{"id":585,"date":"2021-12-28T13:56:14","date_gmt":"2021-12-28T13:56:14","guid":{"rendered":"https:\/\/malcesinebaldotrail.run\/chi-siamo\/"},"modified":"2024-03-03T21:24:31","modified_gmt":"2024-03-03T21:24:31","slug":"chi-siamo","status":"publish","type":"page","link":"https:\/\/malcesinebaldotrail.run\/de\/chi-siamo\/","title":{"rendered":"\u00dcber uns"},"content":{"rendered":"<div class=\"fusion-fullwidth fullwidth-box fusion-builder-row-1 fusion-flex-container nonhundred-percent-fullwidth non-hundred-percent-height-scrolling\" style=\"--awb-border-radius-top-left:0px;--awb-border-radius-top-right:0px;--awb-border-radius-bottom-right:0px;--awb-border-radius-bottom-left:0px;--awb-padding-top:40px;--awb-flex-wrap:wrap;\" ><div class=\"fusion-builder-row fusion-row fusion-flex-align-items-flex-start fusion-flex-content-wrap\" style=\"max-width:1248px;margin-left: calc(-4% \/ 2 );margin-right: calc(-4% \/ 2 );\"><div class=\"fusion-layout-column fusion_builder_column fusion-builder-column-0 fusion_builder_column_1_4 1_4 fusion-flex-column\" style=\"--awb-bg-size:cover;--awb-width-large:25%;--awb-margin-top-large:0px;--awb-spacing-right-large:7.68%;--awb-margin-bottom-large:20px;--awb-spacing-left-large:7.68%;--awb-width-medium:25%;--awb-order-medium:0;--awb-spacing-right-medium:7.68%;--awb-spacing-left-medium:7.68%;--awb-width-small:100%;--awb-order-small:0;--awb-spacing-right-small:1.92%;--awb-spacing-left-small:1.92%;\"><div class=\"fusion-column-wrapper fusion-column-has-shadow fusion-flex-justify-content-flex-start fusion-content-layout-column\"><div class=\"fusion-image-element \" style=\"--awb-caption-title-font-family:var(--h2_typography-font-family);--awb-caption-title-font-weight:var(--h2_typography-font-weight);--awb-caption-title-font-style:var(--h2_typography-font-style);--awb-caption-title-size:var(--h2_typography-font-size);--awb-caption-title-transform:var(--h2_typography-text-transform);--awb-caption-title-line-height:var(--h2_typography-line-height);--awb-caption-title-letter-spacing:var(--h2_typography-letter-spacing);\"><span class=\" fusion-imageframe imageframe-none imageframe-1 hover-type-none\"><img decoding=\"async\" width=\"200\" height=\"200\" title=\"loghi-x-sito-3\" src=\"https:\/\/malcesinebaldotrail.run\/wp-content\/uploads\/2021\/12\/loghi-x-sito-3.png\" alt class=\"img-responsive wp-image-499\" srcset=\"https:\/\/malcesinebaldotrail.run\/wp-content\/uploads\/2021\/12\/loghi-x-sito-3-66x66.png 66w, https:\/\/malcesinebaldotrail.run\/wp-content\/uploads\/2021\/12\/loghi-x-sito-3-150x150.png 150w, https:\/\/malcesinebaldotrail.run\/wp-content\/uploads\/2021\/12\/loghi-x-sito-3.png 200w\" sizes=\"(max-width: 200px) 100vw, 200px\" \/><\/span><\/div><\/div><\/div><div class=\"fusion-layout-column fusion_builder_column fusion-builder-column-1 fusion_builder_column_3_4 3_4 fusion-flex-column\" style=\"--awb-bg-size:cover;--awb-width-large:75%;--awb-margin-top-large:0px;--awb-spacing-right-large:2.56%;--awb-margin-bottom-large:20px;--awb-spacing-left-large:2.56%;--awb-width-medium:75%;--awb-order-medium:0;--awb-spacing-right-medium:2.56%;--awb-spacing-left-medium:2.56%;--awb-width-small:100%;--awb-order-small:0;--awb-spacing-right-small:1.92%;--awb-spacing-left-small:1.92%;\"><div class=\"fusion-column-wrapper fusion-column-has-shadow fusion-flex-justify-content-flex-start fusion-content-layout-column\"><div class=\"fusion-title title fusion-title-1 fusion-sep-none fusion-title-text fusion-title-size-three\"><h3 class=\"fusion-title-heading title-heading-left\" style=\"margin:0;\">VRM TEAM ASD<\/h3><\/div><div class=\"fusion-text fusion-text-1\" style=\"--awb-text-transform:none;\"><p><strong>Das VRM TEAM ASD wurde im Dezember 2020 von einer Gruppe erfahrener Laufenthusiasten und Organisatoren von internationalen Spitzenveranstaltungen gegr\u00fcndet.<\/strong><\/p>\n<p>Im Jahr 2021, dem ersten Jahr seiner T\u00e4tigkeit, z\u00e4hlte der Verband mehr als 130 beim Leichtathletikverband registrierte Athleten, die an zahlreichen Veranstaltungen teilnahmen, obwohl die Pandemie die Wettkampft\u00e4tigkeit stark beeintr\u00e4chtigte und viele Veranstaltungen abgesagt wurden.<\/p>\n<p>Die Einschr\u00e4nkungen durch die Pandemie haben dazu gef\u00fchrt, dass neu konzipierte Veranstaltungen organisiert wurden, die im Jahr 2022 wiederholt werden sollen.<\/p>\n<p>Im Juli fand die zweite Ausgabe des <b>ASICS TRAIL DELLE MURA<\/b> statt, ein n\u00e4chtlicher Stadtparcours durch die Stadt Verona und die umliegenden H\u00fcgel.<\/p>\n<p>Anfang September fand die vierte Auflage des <strong>RESIA ROSOLINA RELAY<\/strong> statt, ein 430 km langer Team-Staffellauf entlang der Etsch, der in Zusammenarbeit mit allen Sportverb\u00e4nden der Region organisiert wurde.<\/p>\n<p>Anfang Oktober findet die vierte Ausgabe von <b>LA SPORTIVA<\/b> <strong>DISCOVERY PANTELLERIA<\/strong> statt, eine Woche auf der Insel, die von engagierten lokalen Einrichtungen veranstaltet wird, um an Laufveranstaltungen teilzunehmen, die auf eigene Faust in einem wettbewerbsorientierten und auch freizeitorientierten\/touristischen Geist organisiert werden.<\/p>\n<p>Im Dezember findet die erste <strong>BABBOLAKE<\/strong>-Wanderung entlang des Gardasees zwischen den D\u00f6rfern Lazise, Bardolino und Garda statt, verkleidet als Weihnachtsmann. Ein Besuch der M\u00e4rkte in den drei St\u00e4dten und eine f\u00fcr alle Teilnehmer kostenlose R\u00fcckfahrt mit dem Motorboot Navigarda sind vorgesehen.<\/p>\n<\/div><\/div><\/div><\/div><\/div>\n","protected":false},"excerpt":{"rendered":"","protected":false},"author":1,"featured_media":0,"parent":0,"menu_order":0,"comment_status":"closed","ping_status":"closed","template":"","meta":{"footnotes":""},"class_list":["post-585","page","type-page","status-publish","hentry"],"yoast_head":"<!-- This site is optimized with the Yoast SEO plugin v26.9 - https:\/\/yoast.com\/product\/yoast-seo-wordpress\/ -->\n<title>\u00dcber uns - ASICS Malcesine Baldo Trail<\/title>\n<meta name=\"robots\" content=\"index, follow, max-snippet:-1, max-image-preview:large, max-video-preview:-1\" \/>\n<link rel=\"canonical\" href=\"https:\/\/malcesinebaldotrail.run\/de\/chi-siamo\/\" \/>\n<meta property=\"og:locale\" content=\"de_DE\" \/>\n<meta property=\"og:type\" content=\"article\" \/>\n<meta property=\"og:title\" content=\"\u00dcber uns - ASICS Malcesine Baldo Trail\" \/>\n<meta property=\"og:url\" content=\"https:\/\/malcesinebaldotrail.run\/de\/chi-siamo\/\" \/>\n<meta property=\"og:site_name\" content=\"ASICS Malcesine Baldo Trail\" \/>\n<meta property=\"article:modified_time\" content=\"2024-03-03T21:24:31+00:00\" \/>\n<meta name=\"twitter:card\" content=\"summary_large_image\" \/>\n<meta name=\"twitter:label1\" content=\"Gesch\u00e4tzte Lesezeit\" \/>\n\t<meta name=\"twitter:data1\" content=\"4\u00a0Minuten\" \/>\n<script type=\"application\/ld+json\" class=\"yoast-schema-graph\">{\"@context\":\"https:\/\/schema.org\",\"@graph\":[{\"@type\":\"WebPage\",\"@id\":\"https:\/\/malcesinebaldotrail.run\/de\/chi-siamo\/\",\"url\":\"https:\/\/malcesinebaldotrail.run\/de\/chi-siamo\/\",\"name\":\"\u00dcber uns - ASICS Malcesine Baldo Trail\",\"isPartOf\":{\"@id\":\"https:\/\/malcesinebaldotrail.run\/de\/#website\"},\"datePublished\":\"2021-12-28T13:56:14+00:00\",\"dateModified\":\"2024-03-03T21:24:31+00:00\",\"breadcrumb\":{\"@id\":\"https:\/\/malcesinebaldotrail.run\/de\/chi-siamo\/#breadcrumb\"},\"inLanguage\":\"de\",\"potentialAction\":[{\"@type\":\"ReadAction\",\"target\":[\"https:\/\/malcesinebaldotrail.run\/de\/chi-siamo\/\"]}]},{\"@type\":\"BreadcrumbList\",\"@id\":\"https:\/\/malcesinebaldotrail.run\/de\/chi-siamo\/#breadcrumb\",\"itemListElement\":[{\"@type\":\"ListItem\",\"position\":1,\"name\":\"Home\",\"item\":\"https:\/\/malcesinebaldotrail.run\/de\/sample-page\/\"},{\"@type\":\"ListItem\",\"position\":2,\"name\":\"\u00dcber uns\"}]},{\"@type\":\"WebSite\",\"@id\":\"https:\/\/malcesinebaldotrail.run\/de\/#website\",\"url\":\"https:\/\/malcesinebaldotrail.run\/de\/\",\"name\":\"ASICS Malcesine Baldo Trail\",\"description\":\"\",\"potentialAction\":[{\"@type\":\"SearchAction\",\"target\":{\"@type\":\"EntryPoint\",\"urlTemplate\":\"https:\/\/malcesinebaldotrail.run\/de\/?s={search_term_string}\"},\"query-input\":{\"@type\":\"PropertyValueSpecification\",\"valueRequired\":true,\"valueName\":\"search_term_string\"}}],\"inLanguage\":\"de\"}]}<\/script>\n<!-- \/ Yoast SEO plugin. -->","yoast_head_json":{"title":"\u00dcber uns - ASICS Malcesine Baldo Trail","robots":{"index":"index","follow":"follow","max-snippet":"max-snippet:-1","max-image-preview":"max-image-preview:large","max-video-preview":"max-video-preview:-1"},"canonical":"https:\/\/malcesinebaldotrail.run\/de\/chi-siamo\/","og_locale":"de_DE","og_type":"article","og_title":"\u00dcber uns - ASICS Malcesine Baldo Trail","og_url":"https:\/\/malcesinebaldotrail.run\/de\/chi-siamo\/","og_site_name":"ASICS Malcesine Baldo Trail","article_modified_time":"2024-03-03T21:24:31+00:00","twitter_card":"summary_large_image","twitter_misc":{"Gesch\u00e4tzte Lesezeit":"4\u00a0Minuten"},"schema":{"@context":"https:\/\/schema.org","@graph":[{"@type":"WebPage","@id":"https:\/\/malcesinebaldotrail.run\/de\/chi-siamo\/","url":"https:\/\/malcesinebaldotrail.run\/de\/chi-siamo\/","name":"\u00dcber uns - ASICS Malcesine Baldo Trail","isPartOf":{"@id":"https:\/\/malcesinebaldotrail.run\/de\/#website"},"datePublished":"2021-12-28T13:56:14+00:00","dateModified":"2024-03-03T21:24:31+00:00","breadcrumb":{"@id":"https:\/\/malcesinebaldotrail.run\/de\/chi-siamo\/#breadcrumb"},"inLanguage":"de","potentialAction":[{"@type":"ReadAction","target":["https:\/\/malcesinebaldotrail.run\/de\/chi-siamo\/"]}]},{"@type":"BreadcrumbList","@id":"https:\/\/malcesinebaldotrail.run\/de\/chi-siamo\/#breadcrumb","itemListElement":[{"@type":"ListItem","position":1,"name":"Home","item":"https:\/\/malcesinebaldotrail.run\/de\/sample-page\/"},{"@type":"ListItem","position":2,"name":"\u00dcber uns"}]},{"@type":"WebSite","@id":"https:\/\/malcesinebaldotrail.run\/de\/#website","url":"https:\/\/malcesinebaldotrail.run\/de\/","name":"ASICS Malcesine Baldo Trail","description":"","potentialAction":[{"@type":"SearchAction","target":{"@type":"EntryPoint","urlTemplate":"https:\/\/malcesinebaldotrail.run\/de\/?s={search_term_string}"},"query-input":{"@type":"PropertyValueSpecification","valueRequired":true,"valueName":"search_term_string"}}],"inLanguage":"de"}]}},"_links":{"self":[{"href":"https:\/\/malcesinebaldotrail.run\/de\/wp-json\/wp\/v2\/pages\/585","targetHints":{"allow":["GET"]}}],"collection":[{"href":"https:\/\/malcesinebaldotrail.run\/de\/wp-json\/wp\/v2\/pages"}],"about":[{"href":"https:\/\/malcesinebaldotrail.run\/de\/wp-json\/wp\/v2\/types\/page"}],"author":[{"embeddable":true,"href":"https:\/\/malcesinebaldotrail.run\/de\/wp-json\/wp\/v2\/users\/1"}],"replies":[{"embeddable":true,"href":"https:\/\/malcesinebaldotrail.run\/de\/wp-json\/wp\/v2\/comments?post=585"}],"version-history":[{"count":22,"href":"https:\/\/malcesinebaldotrail.run\/de\/wp-json\/wp\/v2\/pages\/585\/revisions"}],"predecessor-version":[{"id":3579,"href":"https:\/\/malcesinebaldotrail.run\/de\/wp-json\/wp\/v2\/pages\/585\/revisions\/3579"}],"wp:attachment":[{"href":"https:\/\/malcesinebaldotrail.run\/de\/wp-json\/wp\/v2\/media?parent=585"}],"curies":[{"name":"wp","href":"https:\/\/api.w.org\/{rel}","templated":true}]}}