{"id":591,"date":"2021-12-28T13:57:32","date_gmt":"2021-12-28T13:57:32","guid":{"rendered":"https:\/\/malcesinebaldotrail.run\/territorio\/"},"modified":"2022-02-25T18:16:37","modified_gmt":"2022-02-25T18:16:37","slug":"territorio","status":"publish","type":"page","link":"https:\/\/malcesinebaldotrail.run\/de\/territorio\/","title":{"rendered":"Gebiet"},"content":{"rendered":"<p><div class=\"fusion-fullwidth fullwidth-box fusion-builder-row-1 fusion-flex-container nonhundred-percent-fullwidth non-hundred-percent-height-scrolling\" style=\"--awb-border-radius-top-left:0px;--awb-border-radius-top-right:0px;--awb-border-radius-bottom-right:0px;--awb-border-radius-bottom-left:0px;--awb-padding-top:80px;--awb-flex-wrap:wrap;\" ><div class=\"fusion-builder-row fusion-row fusion-flex-align-items-flex-start fusion-flex-content-wrap\" style=\"max-width:1248px;margin-left: calc(-4% \/ 2 );margin-right: calc(-4% \/ 2 );\"><div class=\"fusion-layout-column fusion_builder_column fusion-builder-column-0 fusion_builder_column_1_3 1_3 fusion-flex-column\" style=\"--awb-bg-size:cover;--awb-width-large:33.333333333333%;--awb-margin-top-large:0px;--awb-spacing-right-large:5.76%;--awb-margin-bottom-large:20px;--awb-spacing-left-large:5.76%;--awb-width-medium:33.333333333333%;--awb-order-medium:0;--awb-spacing-right-medium:5.76%;--awb-spacing-left-medium:5.76%;--awb-width-small:100%;--awb-order-small:0;--awb-spacing-right-small:1.92%;--awb-spacing-left-small:1.92%;\"><div class=\"fusion-column-wrapper fusion-column-has-shadow fusion-flex-justify-content-flex-start fusion-content-layout-column\"><div class=\"fusion-image-element \" style=\"--awb-caption-title-font-family:var(--h2_typography-font-family);--awb-caption-title-font-weight:var(--h2_typography-font-weight);--awb-caption-title-font-style:var(--h2_typography-font-style);--awb-caption-title-size:var(--h2_typography-font-size);--awb-caption-title-transform:var(--h2_typography-text-transform);--awb-caption-title-line-height:var(--h2_typography-line-height);--awb-caption-title-letter-spacing:var(--h2_typography-letter-spacing);\"><span class=\" fusion-imageframe imageframe-none imageframe-1 hover-type-none\"><a href=\"https:\/\/malcesinebaldotrail.run\/wp-content\/uploads\/2021\/12\/malcesine-gb452c9d59_1920.jpg\" class=\"fusion-lightbox\" data-rel=\"iLightbox[d203f80e509ec6a27ec]\" data-title=\"malcesine-gb452c9d59_1920\" title=\"malcesine-gb452c9d59_1920\"><img decoding=\"async\" width=\"1920\" height=\"1280\" src=\"https:\/\/malcesinebaldotrail.run\/wp-content\/uploads\/2021\/12\/malcesine-gb452c9d59_1920.jpg\" alt class=\"img-responsive wp-image-465\" srcset=\"https:\/\/malcesinebaldotrail.run\/wp-content\/uploads\/2021\/12\/malcesine-gb452c9d59_1920-200x133.jpg 200w, https:\/\/malcesinebaldotrail.run\/wp-content\/uploads\/2021\/12\/malcesine-gb452c9d59_1920-400x267.jpg 400w, https:\/\/malcesinebaldotrail.run\/wp-content\/uploads\/2021\/12\/malcesine-gb452c9d59_1920-600x400.jpg 600w, https:\/\/malcesinebaldotrail.run\/wp-content\/uploads\/2021\/12\/malcesine-gb452c9d59_1920-800x533.jpg 800w, https:\/\/malcesinebaldotrail.run\/wp-content\/uploads\/2021\/12\/malcesine-gb452c9d59_1920-1200x800.jpg 1200w, https:\/\/malcesinebaldotrail.run\/wp-content\/uploads\/2021\/12\/malcesine-gb452c9d59_1920.jpg 1920w\" sizes=\"(max-width: 640px) 100vw, 400px\" \/><\/a><\/span><\/div><\/div><\/div><div class=\"fusion-layout-column fusion_builder_column fusion-builder-column-1 fusion_builder_column_2_3 2_3 fusion-flex-column\" style=\"--awb-bg-size:cover;--awb-width-large:66.666666666667%;--awb-margin-top-large:0px;--awb-spacing-right-large:2.88%;--awb-margin-bottom-large:20px;--awb-spacing-left-large:2.88%;--awb-width-medium:66.666666666667%;--awb-order-medium:0;--awb-spacing-right-medium:2.88%;--awb-spacing-left-medium:2.88%;--awb-width-small:100%;--awb-order-small:0;--awb-spacing-right-small:1.92%;--awb-spacing-left-small:1.92%;\"><div class=\"fusion-column-wrapper fusion-column-has-shadow fusion-flex-justify-content-flex-start fusion-content-layout-column\"><div class=\"fusion-title title fusion-title-1 fusion-sep-none fusion-title-text fusion-title-size-three\"><h3 class=\"fusion-title-heading title-heading-left\" style=\"margin:0;\">Malcesine<\/h3><\/div><div class=\"fusion-text fusion-text-1\" style=\"--awb-text-transform:none;\"><p>Malcesine ist das T\u00fcpfelchen auf dem i in Ihrem Gardasee-Urlaub.<br \/>\nMischen Sie s\u00fc\u00dfe Outdoor-Aktivit\u00e4ten wie einen Spaziergang am See mit einem Paragliding-Flug vom Monte Baldo. Genie\u00dfen Sie ein gutes Glas Wein, w\u00e4hrend die Sonne hinter dem Schloss hervorschaut.<br \/>\nMalcesine ist Ihre Vergn\u00fcgungsreise zwischen See und Berg, wo jedes Erlebnis seine eigene Atmosph\u00e4re hat!<\/p>\n<\/div><\/div><\/div><\/div><\/div><div class=\"fusion-fullwidth fullwidth-box fusion-builder-row-2 fusion-flex-container nonhundred-percent-fullwidth non-hundred-percent-height-scrolling\" style=\"--awb-border-radius-top-left:0px;--awb-border-radius-top-right:0px;--awb-border-radius-bottom-right:0px;--awb-border-radius-bottom-left:0px;--awb-padding-top:80px;--awb-flex-wrap:wrap;\" ><div class=\"fusion-builder-row fusion-row fusion-flex-align-items-flex-start fusion-flex-content-wrap\" style=\"max-width:1248px;margin-left: calc(-4% \/ 2 );margin-right: calc(-4% \/ 2 );\"><div class=\"fusion-layout-column fusion_builder_column fusion-builder-column-2 fusion_builder_column_2_3 2_3 fusion-flex-column fusion-flex-align-self-flex-start\" style=\"--awb-bg-size:cover;--awb-width-large:66.666666666667%;--awb-margin-top-large:0px;--awb-spacing-right-large:2.88%;--awb-margin-bottom-large:20px;--awb-spacing-left-large:2.88%;--awb-width-medium:66.666666666667%;--awb-order-medium:0;--awb-spacing-right-medium:2.88%;--awb-spacing-left-medium:2.88%;--awb-width-small:100%;--awb-order-small:0;--awb-spacing-right-small:1.92%;--awb-spacing-left-small:1.92%;\"><div class=\"fusion-column-wrapper fusion-column-has-shadow fusion-flex-justify-content-flex-start fusion-content-layout-column\"><div class=\"fusion-title title fusion-title-2 fusion-sep-none fusion-title-text fusion-title-size-three\"><h3 class=\"fusion-title-heading title-heading-left\" style=\"margin:0;\">Avio<\/h3><\/div><div class=\"fusion-text fusion-text-2\" style=\"--awb-text-transform:none;\"><p><a href=\"https:\/\/www.visitrovereto.it\/scopri\/territorio\/vallagarina-tra-vini-e-castelli\/avio-citta-del-vino\/\">Avio<\/a>, die Stadt des Weins, ist die erste Gemeinde im Trentino, die man aus Richtung Verona kommend erreicht. Sie befindet sich auf dem \u00f6stlichen Kamm des lokalen <a href=\"http:\/\/www.visitrovereto.it\/scopri\/territorio\/parco-naturale-locale-del-monte-baldo\/\">Naturparks Monte Baldo<\/a>, der in ganz Italien f\u00fcr seine gro\u00dfe Vielfalt an seltenen Pflanzen und Blumen bekannt ist.<\/p>\n<p>In dieser Gegend sollte man unbedingt das majest\u00e4tische <a href=\"https:\/\/www.visitrovereto.it\/scopri\/castelli\/castello-di-avio\/\">Schloss Sabbionara d&#8217;Avio<\/a> besichtigen, das das Tal von seiner hohen Position aus beherrscht. Einst Sitz der Familie Castelbarco und der Venezianer, ist es heute im Besitz der <strong>FAI<\/strong><\/p>\n<\/div><\/div><\/div><div class=\"fusion-layout-column fusion_builder_column fusion-builder-column-3 fusion_builder_column_1_3 1_3 fusion-flex-column fusion-flex-align-self-flex-start\" style=\"--awb-bg-size:cover;--awb-width-large:33.333333333333%;--awb-margin-top-large:0px;--awb-spacing-right-large:5.76%;--awb-margin-bottom-large:20px;--awb-spacing-left-large:5.76%;--awb-width-medium:33.333333333333%;--awb-order-medium:0;--awb-spacing-right-medium:5.76%;--awb-spacing-left-medium:5.76%;--awb-width-small:100%;--awb-order-small:0;--awb-spacing-right-small:1.92%;--awb-spacing-left-small:1.92%;\"><div class=\"fusion-column-wrapper fusion-column-has-shadow fusion-flex-justify-content-flex-start fusion-content-layout-column\"><div class=\"fusion-image-element \" style=\"--awb-caption-title-font-family:var(--h2_typography-font-family);--awb-caption-title-font-weight:var(--h2_typography-font-weight);--awb-caption-title-font-style:var(--h2_typography-font-style);--awb-caption-title-size:var(--h2_typography-font-size);--awb-caption-title-transform:var(--h2_typography-text-transform);--awb-caption-title-line-height:var(--h2_typography-line-height);--awb-caption-title-letter-spacing:var(--h2_typography-letter-spacing);\"><span class=\" fusion-imageframe imageframe-none imageframe-2 hover-type-none\"><a href=\"https:\/\/malcesinebaldotrail.run\/wp-content\/uploads\/2022\/01\/B-1236-avio-frazione-sabbionara-castello-di-avio.jpg\" class=\"fusion-lightbox\" data-rel=\"iLightbox[3985083ad8c9d00c87b]\" data-title=\"B-1236-avio-frazione-sabbionara-castello-di-avio\" title=\"B-1236-avio-frazione-sabbionara-castello-di-avio\"><img decoding=\"async\" width=\"754\" height=\"435\" src=\"https:\/\/malcesinebaldotrail.run\/wp-content\/uploads\/2022\/01\/B-1236-avio-frazione-sabbionara-castello-di-avio.jpg\" alt class=\"img-responsive wp-image-531\" srcset=\"https:\/\/malcesinebaldotrail.run\/wp-content\/uploads\/2022\/01\/B-1236-avio-frazione-sabbionara-castello-di-avio-200x115.jpg 200w, https:\/\/malcesinebaldotrail.run\/wp-content\/uploads\/2022\/01\/B-1236-avio-frazione-sabbionara-castello-di-avio-400x231.jpg 400w, https:\/\/malcesinebaldotrail.run\/wp-content\/uploads\/2022\/01\/B-1236-avio-frazione-sabbionara-castello-di-avio-600x346.jpg 600w, https:\/\/malcesinebaldotrail.run\/wp-content\/uploads\/2022\/01\/B-1236-avio-frazione-sabbionara-castello-di-avio.jpg 754w\" sizes=\"(max-width: 640px) 100vw, 400px\" \/><\/a><\/span><\/div><\/div><\/div><\/div><\/div><div class=\"fusion-fullwidth fullwidth-box fusion-builder-row-3 fusion-flex-container nonhundred-percent-fullwidth non-hundred-percent-height-scrolling\" style=\"--awb-border-radius-top-left:0px;--awb-border-radius-top-right:0px;--awb-border-radius-bottom-right:0px;--awb-border-radius-bottom-left:0px;--awb-padding-top:80px;--awb-flex-wrap:wrap;\" ><div class=\"fusion-builder-row fusion-row fusion-flex-align-items-flex-start fusion-flex-content-wrap\" style=\"max-width:1248px;margin-left: calc(-4% \/ 2 );margin-right: calc(-4% \/ 2 );\"><div class=\"fusion-layout-column fusion_builder_column fusion-builder-column-4 fusion_builder_column_1_3 1_3 fusion-flex-column\" style=\"--awb-bg-size:cover;--awb-width-large:33.333333333333%;--awb-margin-top-large:0px;--awb-spacing-right-large:5.76%;--awb-margin-bottom-large:20px;--awb-spacing-left-large:5.76%;--awb-width-medium:33.333333333333%;--awb-order-medium:0;--awb-spacing-right-medium:5.76%;--awb-spacing-left-medium:5.76%;--awb-width-small:100%;--awb-order-small:0;--awb-spacing-right-small:1.92%;--awb-spacing-left-small:1.92%;\"><div class=\"fusion-column-wrapper fusion-column-has-shadow fusion-flex-justify-content-flex-start fusion-content-layout-column\"><div class=\"fusion-image-element \" style=\"--awb-caption-title-font-family:var(--h2_typography-font-family);--awb-caption-title-font-weight:var(--h2_typography-font-weight);--awb-caption-title-font-style:var(--h2_typography-font-style);--awb-caption-title-size:var(--h2_typography-font-size);--awb-caption-title-transform:var(--h2_typography-text-transform);--awb-caption-title-line-height:var(--h2_typography-line-height);--awb-caption-title-letter-spacing:var(--h2_typography-letter-spacing);\"><span class=\" fusion-imageframe imageframe-none imageframe-3 hover-type-none\"><a href=\"https:\/\/malcesinebaldotrail.run\/wp-content\/uploads\/2021\/12\/monte-baldo-g6fd24c1bf_1920-e1642636990721.jpg\" class=\"fusion-lightbox\" data-rel=\"iLightbox[128dcbbea6eb0f3b665]\" data-title=\"monte-baldo-g6fd24c1bf_1920\" title=\"monte-baldo-g6fd24c1bf_1920\"><img decoding=\"async\" width=\"907\" height=\"633\" src=\"https:\/\/malcesinebaldotrail.run\/wp-content\/uploads\/2021\/12\/monte-baldo-g6fd24c1bf_1920-e1642636990721.jpg\" alt class=\"img-responsive wp-image-469\" srcset=\"https:\/\/malcesinebaldotrail.run\/wp-content\/uploads\/2021\/12\/monte-baldo-g6fd24c1bf_1920-e1642636990721-200x140.jpg 200w, https:\/\/malcesinebaldotrail.run\/wp-content\/uploads\/2021\/12\/monte-baldo-g6fd24c1bf_1920-e1642636990721-400x279.jpg 400w, https:\/\/malcesinebaldotrail.run\/wp-content\/uploads\/2021\/12\/monte-baldo-g6fd24c1bf_1920-e1642636990721-600x419.jpg 600w, https:\/\/malcesinebaldotrail.run\/wp-content\/uploads\/2021\/12\/monte-baldo-g6fd24c1bf_1920-e1642636990721-800x558.jpg 800w, https:\/\/malcesinebaldotrail.run\/wp-content\/uploads\/2021\/12\/monte-baldo-g6fd24c1bf_1920-e1642636990721.jpg 907w\" sizes=\"(max-width: 640px) 100vw, 400px\" \/><\/a><\/span><\/div><\/div><\/div><div class=\"fusion-layout-column fusion_builder_column fusion-builder-column-5 fusion_builder_column_2_3 2_3 fusion-flex-column\" style=\"--awb-bg-size:cover;--awb-width-large:66.666666666667%;--awb-margin-top-large:0px;--awb-spacing-right-large:2.88%;--awb-margin-bottom-large:20px;--awb-spacing-left-large:2.88%;--awb-width-medium:66.666666666667%;--awb-order-medium:0;--awb-spacing-right-medium:2.88%;--awb-spacing-left-medium:2.88%;--awb-width-small:100%;--awb-order-small:0;--awb-spacing-right-small:1.92%;--awb-spacing-left-small:1.92%;\"><div class=\"fusion-column-wrapper fusion-column-has-shadow fusion-flex-justify-content-flex-start fusion-content-layout-column\"><div class=\"fusion-title title fusion-title-3 fusion-sep-none fusion-title-text fusion-title-size-three\"><h3 class=\"fusion-title-heading title-heading-left\" style=\"margin:0;\">Brentonico<\/h3><\/div><div class=\"fusion-text fusion-text-3\" style=\"--awb-text-transform:none;\"><p>Zwischen dem Monte Baldo und dem Gardasee, auf der Trentiner Seite, liegt <strong>Brentonico<\/strong> mit seinen jahrhundertealten Pappelb\u00e4umen und einem historischen Zentrum mit eleganten Villen. Mittelalterliche Pfade, botanische G\u00e4rten und Seen beeindrucken vor allem im Fr\u00fchjahr durch ihre enorme Pflanzen- und Blumenvielfalt.<\/p>\n<p>Wege auf den Spuren des Ersten Weltkriegs, Kirchen und l\u00e4ndliche Architektur verschmelzen mit der Aussicht von der Hochebene und ihren Gipfeln, dem <strong>Monte Altissimo<\/strong> und dem Vignola.<\/p>\n<\/div><\/div><\/div><\/div><\/div><div class=\"fusion-fullwidth fullwidth-box fusion-builder-row-4 fusion-flex-container nonhundred-percent-fullwidth non-hundred-percent-height-scrolling\" style=\"--awb-border-radius-top-left:0px;--awb-border-radius-top-right:0px;--awb-border-radius-bottom-right:0px;--awb-border-radius-bottom-left:0px;--awb-padding-top:80px;--awb-flex-wrap:wrap;\" ><div class=\"fusion-builder-row fusion-row fusion-flex-align-items-flex-start fusion-flex-content-wrap\" style=\"max-width:1248px;margin-left: calc(-4% \/ 2 );margin-right: calc(-4% \/ 2 );\"><div class=\"fusion-layout-column fusion_builder_column fusion-builder-column-6 fusion_builder_column_2_3 2_3 fusion-flex-column\" style=\"--awb-bg-size:cover;--awb-width-large:66.666666666667%;--awb-margin-top-large:0px;--awb-spacing-right-large:2.88%;--awb-margin-bottom-large:20px;--awb-spacing-left-large:2.88%;--awb-width-medium:66.666666666667%;--awb-order-medium:0;--awb-spacing-right-medium:2.88%;--awb-spacing-left-medium:2.88%;--awb-width-small:100%;--awb-order-small:0;--awb-spacing-right-small:1.92%;--awb-spacing-left-small:1.92%;\"><div class=\"fusion-column-wrapper fusion-column-has-shadow fusion-flex-justify-content-flex-start fusion-content-layout-column\"><div class=\"fusion-title title fusion-title-4 fusion-sep-none fusion-title-text fusion-title-size-three\"><h3 class=\"fusion-title-heading title-heading-left\" style=\"margin:0;\">Parco Monte Baldo<\/h3><\/div><div class=\"fusion-text fusion-text-4\" style=\"--awb-text-transform:none;\"><p>Mit Blick auf den Gardasee und das Etschtal ist der lokale <a href=\"https:\/\/www.parcomontebaldo.tn.it\/it\">Naturpark Monte Baldo<\/a> ein wunderbarer Aussichtspunkt auf die Poebene. Es umfasst Gebiete, die zu f\u00fcnf verschiedenen Gemeinden des unteren Trentino geh\u00f6ren, und eine Reihe von Schutzgebieten, die sich in H\u00f6henlagen von wenigen hundert Metern \u00fcber dem Meeresspiegel bis zu \u00fcber 2.000 Metern \u00fcber dem Meeresspiegel befinden. Im Winter mit schneebedeckten Gipfeln, im Sommer mit herrlichen Landschaften und au\u00dfergew\u00f6hnlichen Ausblicken auf den Gardasee, ein idealer Ort zum Sammeln von Heilpflanzen, aber auch f\u00fcr Wintersport und Familienausfl\u00fcge.<\/p>\n<\/div><\/div><\/div><div class=\"fusion-layout-column fusion_builder_column fusion-builder-column-7 fusion_builder_column_1_3 1_3 fusion-flex-column\" style=\"--awb-bg-size:cover;--awb-width-large:33.333333333333%;--awb-margin-top-large:0px;--awb-spacing-right-large:5.76%;--awb-margin-bottom-large:20px;--awb-spacing-left-large:5.76%;--awb-width-medium:33.333333333333%;--awb-order-medium:0;--awb-spacing-right-medium:5.76%;--awb-spacing-left-medium:5.76%;--awb-width-small:100%;--awb-order-small:0;--awb-spacing-right-small:1.92%;--awb-spacing-left-small:1.92%;\"><div class=\"fusion-column-wrapper fusion-column-has-shadow fusion-flex-justify-content-flex-start fusion-content-layout-column\"><div class=\"fusion-image-element \" style=\"--awb-caption-title-font-family:var(--h2_typography-font-family);--awb-caption-title-font-weight:var(--h2_typography-font-weight);--awb-caption-title-font-style:var(--h2_typography-font-style);--awb-caption-title-size:var(--h2_typography-font-size);--awb-caption-title-transform:var(--h2_typography-text-transform);--awb-caption-title-line-height:var(--h2_typography-line-height);--awb-caption-title-letter-spacing:var(--h2_typography-letter-spacing);\"><span class=\" fusion-imageframe imageframe-none imageframe-4 hover-type-none\"><a href=\"https:\/\/malcesinebaldotrail.run\/wp-content\/uploads\/2021\/12\/monte-baldo-gf613b941e_1920.jpg\" class=\"fusion-lightbox\" data-rel=\"iLightbox[538462a8f985cac9635]\" data-title=\"monte-baldo-gf613b941e_1920\" title=\"monte-baldo-gf613b941e_1920\"><img decoding=\"async\" width=\"1920\" height=\"1280\" src=\"https:\/\/malcesinebaldotrail.run\/wp-content\/uploads\/2021\/12\/monte-baldo-gf613b941e_1920.jpg\" alt class=\"img-responsive wp-image-471\" srcset=\"https:\/\/malcesinebaldotrail.run\/wp-content\/uploads\/2021\/12\/monte-baldo-gf613b941e_1920-200x133.jpg 200w, https:\/\/malcesinebaldotrail.run\/wp-content\/uploads\/2021\/12\/monte-baldo-gf613b941e_1920-400x267.jpg 400w, https:\/\/malcesinebaldotrail.run\/wp-content\/uploads\/2021\/12\/monte-baldo-gf613b941e_1920-600x400.jpg 600w, https:\/\/malcesinebaldotrail.run\/wp-content\/uploads\/2021\/12\/monte-baldo-gf613b941e_1920-800x533.jpg 800w, https:\/\/malcesinebaldotrail.run\/wp-content\/uploads\/2021\/12\/monte-baldo-gf613b941e_1920-1200x800.jpg 1200w, https:\/\/malcesinebaldotrail.run\/wp-content\/uploads\/2021\/12\/monte-baldo-gf613b941e_1920.jpg 1920w\" sizes=\"(max-width: 640px) 100vw, 400px\" \/><\/a><\/span><\/div><\/div><\/div><\/div><\/div><\/p>\n","protected":false},"excerpt":{"rendered":"","protected":false},"author":1,"featured_media":0,"parent":0,"menu_order":0,"comment_status":"closed","ping_status":"closed","template":"","meta":{"footnotes":""},"class_list":["post-591","page","type-page","status-publish","hentry"],"yoast_head":"<!-- This site is optimized with the Yoast SEO plugin v26.9 - https:\/\/yoast.com\/product\/yoast-seo-wordpress\/ -->\n<title>Gebiet - ASICS Malcesine Baldo Trail<\/title>\n<meta name=\"robots\" content=\"index, follow, max-snippet:-1, max-image-preview:large, max-video-preview:-1\" \/>\n<link rel=\"canonical\" href=\"https:\/\/malcesinebaldotrail.run\/de\/territorio\/\" \/>\n<meta property=\"og:locale\" content=\"de_DE\" \/>\n<meta property=\"og:type\" content=\"article\" \/>\n<meta property=\"og:title\" content=\"Gebiet - ASICS Malcesine Baldo Trail\" \/>\n<meta property=\"og:url\" content=\"https:\/\/malcesinebaldotrail.run\/de\/territorio\/\" \/>\n<meta property=\"og:site_name\" content=\"ASICS Malcesine Baldo Trail\" \/>\n<meta property=\"article:modified_time\" content=\"2022-02-25T18:16:37+00:00\" \/>\n<meta name=\"twitter:card\" content=\"summary_large_image\" \/>\n<meta name=\"twitter:label1\" content=\"Gesch\u00e4tzte Lesezeit\" \/>\n\t<meta name=\"twitter:data1\" content=\"27\u00a0Minuten\" \/>\n<script type=\"application\/ld+json\" class=\"yoast-schema-graph\">{\"@context\":\"https:\/\/schema.org\",\"@graph\":[{\"@type\":\"WebPage\",\"@id\":\"https:\/\/malcesinebaldotrail.run\/de\/territorio\/\",\"url\":\"https:\/\/malcesinebaldotrail.run\/de\/territorio\/\",\"name\":\"Gebiet - ASICS Malcesine Baldo Trail\",\"isPartOf\":{\"@id\":\"https:\/\/malcesinebaldotrail.run\/de\/#website\"},\"datePublished\":\"2021-12-28T13:57:32+00:00\",\"dateModified\":\"2022-02-25T18:16:37+00:00\",\"breadcrumb\":{\"@id\":\"https:\/\/malcesinebaldotrail.run\/de\/territorio\/#breadcrumb\"},\"inLanguage\":\"de\",\"potentialAction\":[{\"@type\":\"ReadAction\",\"target\":[\"https:\/\/malcesinebaldotrail.run\/de\/territorio\/\"]}]},{\"@type\":\"BreadcrumbList\",\"@id\":\"https:\/\/malcesinebaldotrail.run\/de\/territorio\/#breadcrumb\",\"itemListElement\":[{\"@type\":\"ListItem\",\"position\":1,\"name\":\"Home\",\"item\":\"https:\/\/malcesinebaldotrail.run\/de\/sample-page\/\"},{\"@type\":\"ListItem\",\"position\":2,\"name\":\"Gebiet\"}]},{\"@type\":\"WebSite\",\"@id\":\"https:\/\/malcesinebaldotrail.run\/de\/#website\",\"url\":\"https:\/\/malcesinebaldotrail.run\/de\/\",\"name\":\"ASICS Malcesine Baldo Trail\",\"description\":\"\",\"potentialAction\":[{\"@type\":\"SearchAction\",\"target\":{\"@type\":\"EntryPoint\",\"urlTemplate\":\"https:\/\/malcesinebaldotrail.run\/de\/?s={search_term_string}\"},\"query-input\":{\"@type\":\"PropertyValueSpecification\",\"valueRequired\":true,\"valueName\":\"search_term_string\"}}],\"inLanguage\":\"de\"}]}<\/script>\n<!-- \/ Yoast SEO plugin. -->","yoast_head_json":{"title":"Gebiet - ASICS Malcesine Baldo Trail","robots":{"index":"index","follow":"follow","max-snippet":"max-snippet:-1","max-image-preview":"max-image-preview:large","max-video-preview":"max-video-preview:-1"},"canonical":"https:\/\/malcesinebaldotrail.run\/de\/territorio\/","og_locale":"de_DE","og_type":"article","og_title":"Gebiet - ASICS Malcesine Baldo Trail","og_url":"https:\/\/malcesinebaldotrail.run\/de\/territorio\/","og_site_name":"ASICS Malcesine Baldo Trail","article_modified_time":"2022-02-25T18:16:37+00:00","twitter_card":"summary_large_image","twitter_misc":{"Gesch\u00e4tzte Lesezeit":"27\u00a0Minuten"},"schema":{"@context":"https:\/\/schema.org","@graph":[{"@type":"WebPage","@id":"https:\/\/malcesinebaldotrail.run\/de\/territorio\/","url":"https:\/\/malcesinebaldotrail.run\/de\/territorio\/","name":"Gebiet - ASICS Malcesine Baldo Trail","isPartOf":{"@id":"https:\/\/malcesinebaldotrail.run\/de\/#website"},"datePublished":"2021-12-28T13:57:32+00:00","dateModified":"2022-02-25T18:16:37+00:00","breadcrumb":{"@id":"https:\/\/malcesinebaldotrail.run\/de\/territorio\/#breadcrumb"},"inLanguage":"de","potentialAction":[{"@type":"ReadAction","target":["https:\/\/malcesinebaldotrail.run\/de\/territorio\/"]}]},{"@type":"BreadcrumbList","@id":"https:\/\/malcesinebaldotrail.run\/de\/territorio\/#breadcrumb","itemListElement":[{"@type":"ListItem","position":1,"name":"Home","item":"https:\/\/malcesinebaldotrail.run\/de\/sample-page\/"},{"@type":"ListItem","position":2,"name":"Gebiet"}]},{"@type":"WebSite","@id":"https:\/\/malcesinebaldotrail.run\/de\/#website","url":"https:\/\/malcesinebaldotrail.run\/de\/","name":"ASICS Malcesine Baldo Trail","description":"","potentialAction":[{"@type":"SearchAction","target":{"@type":"EntryPoint","urlTemplate":"https:\/\/malcesinebaldotrail.run\/de\/?s={search_term_string}"},"query-input":{"@type":"PropertyValueSpecification","valueRequired":true,"valueName":"search_term_string"}}],"inLanguage":"de"}]}},"_links":{"self":[{"href":"https:\/\/malcesinebaldotrail.run\/de\/wp-json\/wp\/v2\/pages\/591","targetHints":{"allow":["GET"]}}],"collection":[{"href":"https:\/\/malcesinebaldotrail.run\/de\/wp-json\/wp\/v2\/pages"}],"about":[{"href":"https:\/\/malcesinebaldotrail.run\/de\/wp-json\/wp\/v2\/types\/page"}],"author":[{"embeddable":true,"href":"https:\/\/malcesinebaldotrail.run\/de\/wp-json\/wp\/v2\/users\/1"}],"replies":[{"embeddable":true,"href":"https:\/\/malcesinebaldotrail.run\/de\/wp-json\/wp\/v2\/comments?post=591"}],"version-history":[{"count":11,"href":"https:\/\/malcesinebaldotrail.run\/de\/wp-json\/wp\/v2\/pages\/591\/revisions"}],"predecessor-version":[{"id":821,"href":"https:\/\/malcesinebaldotrail.run\/de\/wp-json\/wp\/v2\/pages\/591\/revisions\/821"}],"wp:attachment":[{"href":"https:\/\/malcesinebaldotrail.run\/de\/wp-json\/wp\/v2\/media?parent=591"}],"curies":[{"name":"wp","href":"https:\/\/api.w.org\/{rel}","templated":true}]}}