{"id":614,"date":"2021-12-28T14:37:00","date_gmt":"2021-12-28T14:37:00","guid":{"rendered":"https:\/\/malcesinebaldotrail.run\/50k\/"},"modified":"2025-10-27T11:14:22","modified_gmt":"2025-10-27T11:14:22","slug":"50k","status":"publish","type":"page","link":"https:\/\/malcesinebaldotrail.run\/de\/50k\/","title":{"rendered":"52k | ULTRA"},"content":{"rendered":"<p><div class=\"fusion-fullwidth fullwidth-box fusion-builder-row-1 fusion-flex-container nonhundred-percent-fullwidth non-hundred-percent-height-scrolling\" style=\"--awb-border-radius-top-left:0px;--awb-border-radius-top-right:0px;--awb-border-radius-bottom-right:0px;--awb-border-radius-bottom-left:0px;--awb-padding-top:30px;--awb-flex-wrap:wrap;\" ><div class=\"fusion-builder-row fusion-row fusion-flex-align-items-flex-start fusion-flex-content-wrap\" style=\"max-width:1248px;margin-left: calc(-4% \/ 2 );margin-right: calc(-4% \/ 2 );\"><div class=\"fusion-layout-column fusion_builder_column fusion-builder-column-0 fusion_builder_column_1_3 1_3 fusion-flex-column fusion-flex-align-self-center\" style=\"--awb-bg-size:cover;--awb-width-large:33.333333333333%;--awb-margin-top-large:0px;--awb-spacing-right-large:5.76%;--awb-margin-bottom-large:20px;--awb-spacing-left-large:5.76%;--awb-width-medium:33.333333333333%;--awb-order-medium:0;--awb-spacing-right-medium:5.76%;--awb-spacing-left-medium:5.76%;--awb-width-small:100%;--awb-order-small:0;--awb-spacing-right-small:1.92%;--awb-spacing-left-small:1.92%;\"><div class=\"fusion-column-wrapper fusion-column-has-shadow fusion-flex-justify-content-flex-start fusion-content-layout-column\"><div class=\"fusion-image-element \" style=\"--awb-caption-title-font-family:var(--h2_typography-font-family);--awb-caption-title-font-weight:var(--h2_typography-font-weight);--awb-caption-title-font-style:var(--h2_typography-font-style);--awb-caption-title-size:var(--h2_typography-font-size);--awb-caption-title-transform:var(--h2_typography-text-transform);--awb-caption-title-line-height:var(--h2_typography-line-height);--awb-caption-title-letter-spacing:var(--h2_typography-letter-spacing);\"><span class=\" fusion-imageframe imageframe-none imageframe-1 hover-type-none\"><img decoding=\"async\" width=\"1819\" height=\"1819\" title=\"MBT_logo_52\" src=\"https:\/\/malcesinebaldotrail.run\/wp-content\/uploads\/2024\/10\/MBT_logo_52.png\" alt class=\"img-responsive wp-image-4462\" srcset=\"https:\/\/malcesinebaldotrail.run\/wp-content\/uploads\/2024\/10\/MBT_logo_52-200x200.png 200w, https:\/\/malcesinebaldotrail.run\/wp-content\/uploads\/2024\/10\/MBT_logo_52-400x400.png 400w, https:\/\/malcesinebaldotrail.run\/wp-content\/uploads\/2024\/10\/MBT_logo_52-600x600.png 600w, https:\/\/malcesinebaldotrail.run\/wp-content\/uploads\/2024\/10\/MBT_logo_52-800x800.png 800w, https:\/\/malcesinebaldotrail.run\/wp-content\/uploads\/2024\/10\/MBT_logo_52-1200x1200.png 1200w, https:\/\/malcesinebaldotrail.run\/wp-content\/uploads\/2024\/10\/MBT_logo_52.png 1819w\" sizes=\"(max-width: 640px) 100vw, 400px\" \/><\/span><\/div><\/div><\/div><div class=\"fusion-layout-column fusion_builder_column fusion-builder-column-1 fusion_builder_column_2_3 2_3 fusion-flex-column fusion-flex-align-self-center\" style=\"--awb-bg-size:cover;--awb-width-large:66.666666666667%;--awb-margin-top-large:0px;--awb-spacing-right-large:2.88%;--awb-margin-bottom-large:20px;--awb-spacing-left-large:2.88%;--awb-width-medium:66.666666666667%;--awb-order-medium:0;--awb-spacing-right-medium:2.88%;--awb-spacing-left-medium:2.88%;--awb-width-small:100%;--awb-order-small:0;--awb-spacing-right-small:1.92%;--awb-spacing-left-small:1.92%;\"><div class=\"fusion-column-wrapper fusion-column-has-shadow fusion-flex-justify-content-flex-start fusion-content-layout-column\"><div class=\"fusion-title title fusion-title-1 fusion-sep-none fusion-title-text fusion-title-size-three\"><h3 class=\"fusion-title-heading title-heading-left\" style=\"margin:0;\">Malcesine Baldo Trail &#8211; 52k Ultra<\/h3><\/div><div class=\"fusion-text fusion-text-1\" style=\"--awb-text-transform:none;\"><p>Samstag, 2. Mai 2026 &#8211; 7.30 Uhr.<\/p>\n<\/div><div class=\"fusion-text fusion-text-2\" style=\"--awb-text-transform:none;\"><p>ENTFERNUNG: 52.61KM<\/p>\n<p>H\u00d6HENUNTERSCHIED: 3,541 M <\/p>\n<p>MAXIMUM: 2066M <\/p>\n<p>MINIMUM: 89M <\/p>\n<p>ASPHALT: 8%<\/p>\n<\/div><div class=\"fusion-text fusion-text-3\" style=\"--awb-text-transform:none;\"><p>Die Genehmigung: Fidal &#8211; World Athletics<\/p>\n<\/div><div class=\"fusion-image-element \" style=\"--awb-caption-title-font-family:var(--h2_typography-font-family);--awb-caption-title-font-weight:var(--h2_typography-font-weight);--awb-caption-title-font-style:var(--h2_typography-font-style);--awb-caption-title-size:var(--h2_typography-font-size);--awb-caption-title-transform:var(--h2_typography-text-transform);--awb-caption-title-line-height:var(--h2_typography-line-height);--awb-caption-title-letter-spacing:var(--h2_typography-letter-spacing);\"><span class=\" fusion-imageframe imageframe-none imageframe-2 hover-type-none\"><img decoding=\"async\" width=\"200\" height=\"86\" title=\"3 points itra\" src=\"https:\/\/malcesinebaldotrail.run\/wp-content\/uploads\/2022\/03\/3-points-itra-200x86.png\" alt class=\"img-responsive wp-image-927\" srcset=\"https:\/\/malcesinebaldotrail.run\/wp-content\/uploads\/2022\/03\/3-points-itra-200x86.png 200w, https:\/\/malcesinebaldotrail.run\/wp-content\/uploads\/2022\/03\/3-points-itra-400x172.png 400w, https:\/\/malcesinebaldotrail.run\/wp-content\/uploads\/2022\/03\/3-points-itra-600x258.png 600w, https:\/\/malcesinebaldotrail.run\/wp-content\/uploads\/2022\/03\/3-points-itra-800x343.png 800w, https:\/\/malcesinebaldotrail.run\/wp-content\/uploads\/2022\/03\/3-points-itra-1200x515.png 1200w, https:\/\/malcesinebaldotrail.run\/wp-content\/uploads\/2022\/03\/3-points-itra.png 1824w\" sizes=\"(max-width: 640px) 100vw, 800px\" \/><\/span><\/div><div class=\"fusion-image-element \" style=\"--awb-caption-title-font-family:var(--h2_typography-font-family);--awb-caption-title-font-weight:var(--h2_typography-font-weight);--awb-caption-title-font-style:var(--h2_typography-font-style);--awb-caption-title-size:var(--h2_typography-font-size);--awb-caption-title-transform:var(--h2_typography-text-transform);--awb-caption-title-line-height:var(--h2_typography-line-height);--awb-caption-title-letter-spacing:var(--h2_typography-letter-spacing);\"><span class=\" fusion-imageframe imageframe-none imageframe-3 hover-type-none\"><img decoding=\"async\" width=\"149\" height=\"48\" title=\"Index-50K\" src=\"https:\/\/malcesinebaldotrail.run\/wp-content\/uploads\/2024\/09\/Index-50K-e1727336417234.png\" alt class=\"img-responsive wp-image-4313\"\/><\/span><\/div><div ><a class=\"fusion-button button-flat fusion-button-default-size button-default fusion-button-default button-1 fusion-button-default-span fusion-button-default-type\" style=\"--button_margin-top:20px;\" target=\"_self\" href=\"https:\/\/malcesinebaldotrail.run\/wp-content\/uploads\/filepercorso\/MBT_50k_ultra.gpx\"><span class=\"fusion-button-text awb-button__text awb-button__text--default\">Laden Sie GPX herunter<\/span><\/a><\/div><\/div><\/div><\/div><\/div><div class=\"fusion-fullwidth fullwidth-box fusion-builder-row-2 fusion-flex-container nonhundred-percent-fullwidth non-hundred-percent-height-scrolling\" style=\"--awb-border-radius-top-left:0px;--awb-border-radius-top-right:0px;--awb-border-radius-bottom-right:0px;--awb-border-radius-bottom-left:0px;--awb-padding-top:30px;--awb-flex-wrap:wrap;\" ><div class=\"fusion-builder-row fusion-row fusion-flex-align-items-flex-start fusion-flex-content-wrap\" style=\"max-width:1248px;margin-left: calc(-4% \/ 2 );margin-right: calc(-4% \/ 2 );\"><div class=\"fusion-layout-column fusion_builder_column fusion-builder-column-2 fusion_builder_column_1_1 1_1 fusion-flex-column fusion-flex-align-self-center\" style=\"--awb-bg-size:cover;--awb-width-large:100%;--awb-margin-top-large:0px;--awb-spacing-right-large:1.92%;--awb-margin-bottom-large:20px;--awb-spacing-left-large:1.92%;--awb-width-medium:100%;--awb-order-medium:0;--awb-spacing-right-medium:1.92%;--awb-spacing-left-medium:1.92%;--awb-width-small:100%;--awb-order-small:0;--awb-spacing-right-small:1.92%;--awb-spacing-left-small:1.92%;\"><div class=\"fusion-column-wrapper fusion-column-has-shadow fusion-flex-justify-content-flex-start fusion-content-layout-column\"><div class=\"fusion-text fusion-text-4\" style=\"--awb-text-transform:none;\"><p>F\u00fcr viele ist das eine fast un\u00fcberwindbare H\u00fcrde, ganz zu schweigen von den mehr als insgesamt <strong>3000 H\u00f6henmetern<\/strong>, die es zu \u00fcberwinden gilt. Auf dieser Strecke k\u00f6nnen viele <strong>Sport- und Bergbegeisterte<\/strong> in den puren Genuss des Trailrunnings kommen und die Landschaften der Monte Baldo-Gruppe in ihrer Gesamtheit w\u00fcrdigen. Eine Reise f\u00fcr den wahren Trailer!<\/p>\n<\/div><div class=\"fusion-text fusion-text-5\" style=\"--awb-text-transform:none;\"><p><strong>Diese Rundstrecke mit Start und Ziel am Seeufer von Malcesine entspricht auf den ersten 9 Kilometern dem 24-Kilometer-Lauf, so dass die Athleten in etwa 9 Kilometern 1340 H\u00f6henmeter erreichen.<\/strong> Nach ein paar Kilometern auf Asphalt verl\u00e4sst man die Ortschaft und beginnt auf sehr panoramischen Wegen aufzusteigen, zun\u00e4chst auf Feldwegen und Schotterpisten, dann auf Einzelspuren durch die Kastanien- und Eichenw\u00e4lder.<\/p>\n<p>Am 9. Kilometer auf <strong>Bocca di Navene<\/strong> (1420 m \u00fc.d.M.) befindet sich die erste Verpflegungsstelle und Zwischenzeitmessung: von hier aus \u00f6ffnet sich das Panorama auf den Osthang des Monte Baldo. In der Gegenwart des Monte Altissimo steigt man von hier aus weiter Richtung Norden in Einzelspuren auf. Ab 1700 Metern lichtet sich dann die Vegetation und macht Platz f\u00fcr Wiesen und offene Weiden.<\/p>\n<p>Bei Kilometer 13, in der N\u00e4he der <strong>Altissimo-H\u00fctte<\/strong>, erreichen die Teilnehmer den h\u00f6chsten Punkt der gesamten Veranstaltung auf 2060 Metern \u00fcber dem Meeresspiegel, wo sie eine zus\u00e4tzliche Wasserstelle nutzen k\u00f6nnen. Von hier aus geht es in Richtung S\u00fcden zur Erkundung des Osthangs des Monte Baldo, wo man die morphologischen und klimatischen Unterschiede im Vergleich zum westlichen Teil, der durch die Anwesenheit des Gardasees milder ist, erkennen kann. Es beginnt daraufhin der lauffreudigste Teil der Strecke mit seinen Auf- und Abstiegen, die es erlauben die Schrittl\u00e4nge zu steigern und die einladende Aussicht auf die <strong>Corna Piana<\/strong> zu genie\u00dfen.<\/p>\n<p>Bei Kilometer 21 an der <strong>Fos-Ce-H\u00fctte<\/strong> befindet sich die zweite Tankstelle. Von hier aus geht es abwechselnd auf einem Feldweg und einem Fu\u00dfweg weitere 9 km mit einem H\u00f6henverlust von etwa 300 Metern weiter, bis Sie die dritte Verpflegungsstelle in  <strong>Ort. Madonna della Neve erreicht<\/strong>. Die Landschaft ist in diesem Abschnitt von zahlreichen Almen und Weiden gepr\u00e4gt.<\/p>\n<p>Ab dem 31. km beginnt die Strecke allm\u00e4hlich wieder anzusteigen, bis zum 37. km, wo sich die vierte Tankstelle in  <strong>Ort. Pr\u00e0 Alpesina<\/strong>  (1450 Meter \u00fcber dem Meeresspiegel), und dann ging es f\u00fcr die Athleten 2 Kilometer einspurig bergauf zum Gipfel des Monte Baldo an der Bergstation der Seilbahn; hier befindet sich das Zeittor, der f\u00fcnfte Tankpunkt und auch die dritte chronometrische Zwischenzeit.<\/p>\n<p>Ab diesem Punkt schlie\u00dft sich die Strecke wieder an den 24km Lauf an. St\u00e4ndig bergab verliert man auf steilen, teils technischen, teils gut belaufbaren Wegen allm\u00e4hlich an H\u00f6he und durchquert zun\u00e4chst Nadel- und dann Buchenw\u00e4lder. Der Abstieg \u00fcber Loc. i Prai f\u00fchrt nach etwa 9 km zu einem H\u00f6henverlust von etwas mehr als 1100 Metern, bis Sie die Zwischenstation der Seilbahn in  <strong>Ort. St. Michael<\/strong>  an dem der sechste Betankungspunkt verf\u00fcgbar sein wird. Weiterhin bergab gelangt man wieder in den <strong>\u201cK\u00fcstenstreifen der Olivenb\u00e4ume\u201d<\/strong>, zun\u00e4chst auf Karrenwegen und Pfaden und die letzten 2 km auf Kopfsteinpflaster und Asphalt bis man wieder das Ortszentrum erreicht.<\/p>\n<\/div><\/div><\/div><\/div><\/div><div class=\"fusion-fullwidth fullwidth-box fusion-builder-row-3 fusion-flex-container nonhundred-percent-fullwidth non-hundred-percent-height-scrolling\" style=\"--awb-border-radius-top-left:0px;--awb-border-radius-top-right:0px;--awb-border-radius-bottom-right:0px;--awb-border-radius-bottom-left:0px;--awb-flex-wrap:wrap;\" ><div class=\"fusion-builder-row fusion-row fusion-flex-align-items-flex-start fusion-flex-content-wrap\" style=\"max-width:1248px;margin-left: calc(-4% \/ 2 );margin-right: calc(-4% \/ 2 );\"><div class=\"fusion-layout-column fusion_builder_column fusion-builder-column-3 fusion_builder_column_1_1 1_1 fusion-flex-column\" style=\"--awb-bg-size:cover;--awb-width-large:100%;--awb-margin-top-large:0px;--awb-spacing-right-large:1.92%;--awb-margin-bottom-large:20px;--awb-spacing-left-large:1.92%;--awb-width-medium:100%;--awb-order-medium:0;--awb-spacing-right-medium:1.92%;--awb-spacing-left-medium:1.92%;--awb-width-small:100%;--awb-order-small:0;--awb-spacing-right-small:1.92%;--awb-spacing-left-small:1.92%;\"><div class=\"fusion-column-wrapper fusion-column-has-shadow fusion-flex-justify-content-flex-start fusion-content-layout-column\"><a class=\"fusion-modal-text-link\" href=\"#\"><iframe src=\"https:\/\/it.wikiloc.com\/wikiloc\/embedv2.do?id=169112483&amp;elevation=on&amp;images=off&amp;maptype=H\" width=\"100%\" height=\"600\" frameborder=\"0\" scrolling=\"no\"><\/iframe><\/p>\n<div style=\"color: #777; font-size: 11px; line-height: 16px;\">Powered by <a style=\"color: #4c8c2b; font-size: 11px; line-height: 16px;\" href=\"https:\/\/it.wikiloc.com\" target=\"_blank\" rel=\"noopener\">Wikiloc<\/a><\/div>\n<\/a><\/div><\/div><\/div><\/div><\/p>\n","protected":false},"excerpt":{"rendered":"","protected":false},"author":1,"featured_media":0,"parent":0,"menu_order":0,"comment_status":"closed","ping_status":"closed","template":"","meta":{"footnotes":""},"class_list":["post-614","page","type-page","status-publish","hentry"],"yoast_head":"<!-- This site is optimized with the Yoast SEO plugin v26.9 - https:\/\/yoast.com\/product\/yoast-seo-wordpress\/ -->\n<title>52k | ULTRA - ASICS Malcesine Baldo Trail<\/title>\n<meta name=\"robots\" content=\"index, follow, max-snippet:-1, max-image-preview:large, max-video-preview:-1\" \/>\n<link rel=\"canonical\" href=\"https:\/\/malcesinebaldotrail.run\/de\/50k\/\" \/>\n<meta property=\"og:locale\" content=\"de_DE\" \/>\n<meta property=\"og:type\" content=\"article\" \/>\n<meta property=\"og:title\" content=\"52k | ULTRA - ASICS Malcesine Baldo Trail\" \/>\n<meta property=\"og:url\" content=\"https:\/\/malcesinebaldotrail.run\/de\/50k\/\" \/>\n<meta property=\"og:site_name\" content=\"ASICS Malcesine Baldo Trail\" \/>\n<meta property=\"article:modified_time\" content=\"2025-10-27T11:14:22+00:00\" \/>\n<meta name=\"twitter:card\" content=\"summary_large_image\" \/>\n<meta name=\"twitter:label1\" content=\"Gesch\u00e4tzte Lesezeit\" \/>\n\t<meta name=\"twitter:data1\" content=\"15\u00a0Minuten\" \/>\n<script type=\"application\/ld+json\" class=\"yoast-schema-graph\">{\"@context\":\"https:\/\/schema.org\",\"@graph\":[{\"@type\":\"WebPage\",\"@id\":\"https:\/\/malcesinebaldotrail.run\/de\/50k\/\",\"url\":\"https:\/\/malcesinebaldotrail.run\/de\/50k\/\",\"name\":\"52k | ULTRA - ASICS Malcesine Baldo Trail\",\"isPartOf\":{\"@id\":\"https:\/\/malcesinebaldotrail.run\/de\/#website\"},\"datePublished\":\"2021-12-28T14:37:00+00:00\",\"dateModified\":\"2025-10-27T11:14:22+00:00\",\"breadcrumb\":{\"@id\":\"https:\/\/malcesinebaldotrail.run\/de\/50k\/#breadcrumb\"},\"inLanguage\":\"de\",\"potentialAction\":[{\"@type\":\"ReadAction\",\"target\":[\"https:\/\/malcesinebaldotrail.run\/de\/50k\/\"]}]},{\"@type\":\"BreadcrumbList\",\"@id\":\"https:\/\/malcesinebaldotrail.run\/de\/50k\/#breadcrumb\",\"itemListElement\":[{\"@type\":\"ListItem\",\"position\":1,\"name\":\"Home\",\"item\":\"https:\/\/malcesinebaldotrail.run\/de\/sample-page\/\"},{\"@type\":\"ListItem\",\"position\":2,\"name\":\"52k | ULTRA\"}]},{\"@type\":\"WebSite\",\"@id\":\"https:\/\/malcesinebaldotrail.run\/de\/#website\",\"url\":\"https:\/\/malcesinebaldotrail.run\/de\/\",\"name\":\"ASICS Malcesine Baldo Trail\",\"description\":\"\",\"potentialAction\":[{\"@type\":\"SearchAction\",\"target\":{\"@type\":\"EntryPoint\",\"urlTemplate\":\"https:\/\/malcesinebaldotrail.run\/de\/?s={search_term_string}\"},\"query-input\":{\"@type\":\"PropertyValueSpecification\",\"valueRequired\":true,\"valueName\":\"search_term_string\"}}],\"inLanguage\":\"de\"}]}<\/script>\n<!-- \/ Yoast SEO plugin. -->","yoast_head_json":{"title":"52k | ULTRA - ASICS Malcesine Baldo Trail","robots":{"index":"index","follow":"follow","max-snippet":"max-snippet:-1","max-image-preview":"max-image-preview:large","max-video-preview":"max-video-preview:-1"},"canonical":"https:\/\/malcesinebaldotrail.run\/de\/50k\/","og_locale":"de_DE","og_type":"article","og_title":"52k | ULTRA - ASICS Malcesine Baldo Trail","og_url":"https:\/\/malcesinebaldotrail.run\/de\/50k\/","og_site_name":"ASICS Malcesine Baldo Trail","article_modified_time":"2025-10-27T11:14:22+00:00","twitter_card":"summary_large_image","twitter_misc":{"Gesch\u00e4tzte Lesezeit":"15\u00a0Minuten"},"schema":{"@context":"https:\/\/schema.org","@graph":[{"@type":"WebPage","@id":"https:\/\/malcesinebaldotrail.run\/de\/50k\/","url":"https:\/\/malcesinebaldotrail.run\/de\/50k\/","name":"52k | ULTRA - ASICS Malcesine Baldo Trail","isPartOf":{"@id":"https:\/\/malcesinebaldotrail.run\/de\/#website"},"datePublished":"2021-12-28T14:37:00+00:00","dateModified":"2025-10-27T11:14:22+00:00","breadcrumb":{"@id":"https:\/\/malcesinebaldotrail.run\/de\/50k\/#breadcrumb"},"inLanguage":"de","potentialAction":[{"@type":"ReadAction","target":["https:\/\/malcesinebaldotrail.run\/de\/50k\/"]}]},{"@type":"BreadcrumbList","@id":"https:\/\/malcesinebaldotrail.run\/de\/50k\/#breadcrumb","itemListElement":[{"@type":"ListItem","position":1,"name":"Home","item":"https:\/\/malcesinebaldotrail.run\/de\/sample-page\/"},{"@type":"ListItem","position":2,"name":"52k | ULTRA"}]},{"@type":"WebSite","@id":"https:\/\/malcesinebaldotrail.run\/de\/#website","url":"https:\/\/malcesinebaldotrail.run\/de\/","name":"ASICS Malcesine Baldo Trail","description":"","potentialAction":[{"@type":"SearchAction","target":{"@type":"EntryPoint","urlTemplate":"https:\/\/malcesinebaldotrail.run\/de\/?s={search_term_string}"},"query-input":{"@type":"PropertyValueSpecification","valueRequired":true,"valueName":"search_term_string"}}],"inLanguage":"de"}]}},"_links":{"self":[{"href":"https:\/\/malcesinebaldotrail.run\/de\/wp-json\/wp\/v2\/pages\/614","targetHints":{"allow":["GET"]}}],"collection":[{"href":"https:\/\/malcesinebaldotrail.run\/de\/wp-json\/wp\/v2\/pages"}],"about":[{"href":"https:\/\/malcesinebaldotrail.run\/de\/wp-json\/wp\/v2\/types\/page"}],"author":[{"embeddable":true,"href":"https:\/\/malcesinebaldotrail.run\/de\/wp-json\/wp\/v2\/users\/1"}],"replies":[{"embeddable":true,"href":"https:\/\/malcesinebaldotrail.run\/de\/wp-json\/wp\/v2\/comments?post=614"}],"version-history":[{"count":84,"href":"https:\/\/malcesinebaldotrail.run\/de\/wp-json\/wp\/v2\/pages\/614\/revisions"}],"predecessor-version":[{"id":5468,"href":"https:\/\/malcesinebaldotrail.run\/de\/wp-json\/wp\/v2\/pages\/614\/revisions\/5468"}],"wp:attachment":[{"href":"https:\/\/malcesinebaldotrail.run\/de\/wp-json\/wp\/v2\/media?parent=614"}],"curies":[{"name":"wp","href":"https:\/\/api.w.org\/{rel}","templated":true}]}}