{"id":643,"date":"2021-12-28T14:37:18","date_gmt":"2021-12-28T14:37:18","guid":{"rendered":"https:\/\/malcesinebaldotrail.run\/24k\/"},"modified":"2025-10-27T11:28:09","modified_gmt":"2025-10-27T11:28:09","slug":"24k","status":"publish","type":"page","link":"https:\/\/malcesinebaldotrail.run\/de\/24k\/","title":{"rendered":"26k | MEDIUM"},"content":{"rendered":"<p><div class=\"fusion-fullwidth fullwidth-box fusion-builder-row-1 fusion-flex-container nonhundred-percent-fullwidth non-hundred-percent-height-scrolling\" style=\"--awb-border-radius-top-left:0px;--awb-border-radius-top-right:0px;--awb-border-radius-bottom-right:0px;--awb-border-radius-bottom-left:0px;--awb-padding-top:30px;--awb-flex-wrap:wrap;\" ><div class=\"fusion-builder-row fusion-row fusion-flex-align-items-flex-start fusion-flex-content-wrap\" style=\"max-width:1248px;margin-left: calc(-4% \/ 2 );margin-right: calc(-4% \/ 2 );\"><div class=\"fusion-layout-column fusion_builder_column fusion-builder-column-0 fusion_builder_column_1_3 1_3 fusion-flex-column fusion-flex-align-self-center\" style=\"--awb-bg-size:cover;--awb-width-large:33.333333333333%;--awb-margin-top-large:0px;--awb-spacing-right-large:5.76%;--awb-margin-bottom-large:20px;--awb-spacing-left-large:5.76%;--awb-width-medium:33.333333333333%;--awb-order-medium:0;--awb-spacing-right-medium:5.76%;--awb-spacing-left-medium:5.76%;--awb-width-small:100%;--awb-order-small:0;--awb-spacing-right-small:1.92%;--awb-spacing-left-small:1.92%;\"><div class=\"fusion-column-wrapper fusion-column-has-shadow fusion-flex-justify-content-flex-start fusion-content-layout-column\"><div class=\"fusion-image-element \" style=\"--awb-caption-title-font-family:var(--h2_typography-font-family);--awb-caption-title-font-weight:var(--h2_typography-font-weight);--awb-caption-title-font-style:var(--h2_typography-font-style);--awb-caption-title-size:var(--h2_typography-font-size);--awb-caption-title-transform:var(--h2_typography-text-transform);--awb-caption-title-line-height:var(--h2_typography-line-height);--awb-caption-title-letter-spacing:var(--h2_typography-letter-spacing);\"><span class=\" fusion-imageframe imageframe-none imageframe-1 hover-type-none\"><img decoding=\"async\" width=\"1819\" height=\"1819\" title=\"MBT_logo_26\" src=\"https:\/\/malcesinebaldotrail.run\/wp-content\/uploads\/2024\/10\/MBT_logo_26.png\" alt class=\"img-responsive wp-image-4470\" srcset=\"https:\/\/malcesinebaldotrail.run\/wp-content\/uploads\/2024\/10\/MBT_logo_26-200x200.png 200w, https:\/\/malcesinebaldotrail.run\/wp-content\/uploads\/2024\/10\/MBT_logo_26-400x400.png 400w, https:\/\/malcesinebaldotrail.run\/wp-content\/uploads\/2024\/10\/MBT_logo_26-600x600.png 600w, https:\/\/malcesinebaldotrail.run\/wp-content\/uploads\/2024\/10\/MBT_logo_26-800x800.png 800w, https:\/\/malcesinebaldotrail.run\/wp-content\/uploads\/2024\/10\/MBT_logo_26-1200x1200.png 1200w, https:\/\/malcesinebaldotrail.run\/wp-content\/uploads\/2024\/10\/MBT_logo_26.png 1819w\" sizes=\"(max-width: 640px) 100vw, 400px\" \/><\/span><\/div><\/div><\/div><div class=\"fusion-layout-column fusion_builder_column fusion-builder-column-1 fusion_builder_column_2_3 2_3 fusion-flex-column fusion-flex-align-self-center\" style=\"--awb-bg-size:cover;--awb-width-large:66.666666666667%;--awb-margin-top-large:0px;--awb-spacing-right-large:2.88%;--awb-margin-bottom-large:20px;--awb-spacing-left-large:2.88%;--awb-width-medium:66.666666666667%;--awb-order-medium:0;--awb-spacing-right-medium:2.88%;--awb-spacing-left-medium:2.88%;--awb-width-small:100%;--awb-order-small:0;--awb-spacing-right-small:1.92%;--awb-spacing-left-small:1.92%;\"><div class=\"fusion-column-wrapper fusion-column-has-shadow fusion-flex-justify-content-flex-start fusion-content-layout-column\"><div class=\"fusion-title title fusion-title-1 fusion-sep-none fusion-title-text fusion-title-size-three\"><h3 class=\"fusion-title-heading title-heading-left\" style=\"margin:0;\">Asics Malcesine Baldo Trail &#8211; 26k Medium<\/h3><\/div><div class=\"fusion-text fusion-text-1\" style=\"--awb-text-transform:none;\"><p>Samstag, 2. Mai 2026 &#8211; 8.30 Uhr.<\/p>\n<\/div><div class=\"fusion-text fusion-text-2\" style=\"--awb-text-transform:none;\"><p>ENTFERNUNG: 26.4 KM<\/p>\n<p>H\u00d6HENUNTERSCHIED: 2,117 M <\/p>\n<p>MAXIMUM: 1769M MINIMUM: 89M <\/p>\n<p>ASPHALT: 15% <\/p>\n<p>ITRA PUNKTE: 2<\/p>\n<\/div><div class=\"fusion-text fusion-text-3\" style=\"--awb-text-transform:none;\"><p>Die Genehmigung: Fidal &#8211; World Athletics<\/p>\n<\/div><div class=\"fusion-image-element \" style=\"--awb-caption-title-font-family:var(--h2_typography-font-family);--awb-caption-title-font-weight:var(--h2_typography-font-weight);--awb-caption-title-font-style:var(--h2_typography-font-style);--awb-caption-title-size:var(--h2_typography-font-size);--awb-caption-title-transform:var(--h2_typography-text-transform);--awb-caption-title-line-height:var(--h2_typography-line-height);--awb-caption-title-letter-spacing:var(--h2_typography-letter-spacing);\"><span class=\" fusion-imageframe imageframe-none imageframe-2 hover-type-none\"><img decoding=\"async\" width=\"200\" height=\"100\" title=\"itra-2-punkt-malcesine-baldo-weg\" src=\"https:\/\/malcesinebaldotrail.run\/wp-content\/uploads\/2022\/03\/itra-2-punti.png\" alt class=\"img-responsive wp-image-860\" srcset=\"https:\/\/malcesinebaldotrail.run\/wp-content\/uploads\/2022\/03\/itra-2-punti-100x50.png 100w, https:\/\/malcesinebaldotrail.run\/wp-content\/uploads\/2022\/03\/itra-2-punti.png 200w\" sizes=\"(max-width: 200px) 100vw, 200px\" \/><\/span><\/div><div class=\"fusion-image-element \" style=\"--awb-caption-title-font-family:var(--h2_typography-font-family);--awb-caption-title-font-weight:var(--h2_typography-font-weight);--awb-caption-title-font-style:var(--h2_typography-font-style);--awb-caption-title-size:var(--h2_typography-font-size);--awb-caption-title-transform:var(--h2_typography-text-transform);--awb-caption-title-line-height:var(--h2_typography-line-height);--awb-caption-title-letter-spacing:var(--h2_typography-letter-spacing);\"><span class=\" fusion-imageframe imageframe-none imageframe-3 hover-type-none\"><img decoding=\"async\" width=\"150\" height=\"48\" title=\"Index-20K\" src=\"https:\/\/malcesinebaldotrail.run\/wp-content\/uploads\/2024\/09\/Index-20K-e1727336440485.png\" alt class=\"img-responsive wp-image-4316\"\/><\/span><\/div><div ><a class=\"fusion-button button-flat fusion-button-default-size button-default fusion-button-default button-1 fusion-button-default-span fusion-button-default-type\" style=\"--button_margin-top:20px;\" target=\"_self\" href=\"https:\/\/malcesinebaldotrail.run\/wp-content\/uploads\/filepercorso\/MBT_24k_medium.gpx\"><span class=\"fusion-button-text awb-button__text awb-button__text--default\">Laden Sie GPX herunter<\/span><\/a><\/div><\/div><\/div><\/div><\/div><div class=\"fusion-fullwidth fullwidth-box fusion-builder-row-2 fusion-flex-container nonhundred-percent-fullwidth non-hundred-percent-height-scrolling\" style=\"--awb-border-radius-top-left:0px;--awb-border-radius-top-right:0px;--awb-border-radius-bottom-right:0px;--awb-border-radius-bottom-left:0px;--awb-padding-top:30px;--awb-flex-wrap:wrap;\" ><div class=\"fusion-builder-row fusion-row fusion-flex-align-items-flex-start fusion-flex-content-wrap\" style=\"max-width:1248px;margin-left: calc(-4% \/ 2 );margin-right: calc(-4% \/ 2 );\"><div class=\"fusion-layout-column fusion_builder_column fusion-builder-column-2 fusion_builder_column_1_1 1_1 fusion-flex-column fusion-flex-align-self-center\" style=\"--awb-bg-size:cover;--awb-width-large:100%;--awb-margin-top-large:0px;--awb-spacing-right-large:1.92%;--awb-margin-bottom-large:20px;--awb-spacing-left-large:1.92%;--awb-width-medium:100%;--awb-order-medium:0;--awb-spacing-right-medium:1.92%;--awb-spacing-left-medium:1.92%;--awb-width-small:100%;--awb-order-small:0;--awb-spacing-right-small:1.92%;--awb-spacing-left-small:1.92%;\"><div class=\"fusion-column-wrapper fusion-column-has-shadow fusion-flex-justify-content-flex-start fusion-content-layout-column\"><div class=\"fusion-text fusion-text-4\" style=\"--awb-text-transform:none;\"><p>Ein Traum in Blau von Malcesine bis zum Gipfel des Monte Baldo. Das Blau des Gardasees verschmilzt mit dem Blau des Himmels zu einem au\u00dfergew\u00f6hnlichen Panorama, das sich Ihrem Anblick in seiner Ganzheit bietet: von den schneebedeckten Gipfeln der Alpen, \u00fcber die scharfen Kanten der n\u00e4chstgelegenen Berge, bis hin zur sanften Ebene. Der Weg ist immer wieder in der Lage, neue Emotionen zu wecken.<\/p>\n<\/div><div class=\"fusion-text fusion-text-5\" style=\"--awb-text-transform:none;\"><p>In dieser Rundstrecke mit Start und Ziel am Seeufer von Malcesine erreichen die Athleten 1700 H\u00f6henmeter in rund 11,5 Kilometern. Beginnend auf 89 Metern \u00fcber dem Meeresspiegel in Malcesine erklimmen die Athleten 1769 Meter an der Bergstation der Seilbahn. Nach ein paar Kilometern auf Asphalt verl\u00e4sst man die Ortschaft und beginnt auf sehr panoramischen Wegen aufzusteigen, zun\u00e4chst auf Feldwegen und Schotterpisten, dann auf Einzelspuren durch die Kastanien- und Eichenw\u00e4lder.<\/p>\n<p>Am 9. Kilometer auf <strong>Bocca di Navene<\/strong> (1420 m \u00fc.d.M.) befindet sich die erste Verpflegungsstelle: von hier aus \u00f6ffnet sich das Panorama auf den Osthang des Monte Baldo. Wenige Meter nach der Verpflegungsstelle, die auch als Zwischenzeitmessung dient, \u00f6ffnet sich ein einspuriger Weg durch eine immer sp\u00e4rlichere Vegetation, bis man bei Kilometer 11,5 an der Bergstation der Seilbahn (1769 m \u00fc.d.M.) den h\u00f6chsten Punkt der Strecke erreicht. Hier befindet sich auch das Kontrolltor, die zweite Verpflegungsstelle und zweite Zwischenzeitmessung.<\/p>\n<p>Ab diesem Punkt absteigend verliert man auf steilen, teils technischen, teils gut belaufbaren Wegen allm\u00e4hlich an H\u00f6he und durchquert zun\u00e4chst Nadel- und dann Buchenw\u00e4lder. Der Abstieg \u00fcber Loc. i Prai f\u00fchrt nach etwa 9 km zu einem H\u00f6henverlust von etwas mehr als 1100 Metern, bis Sie die Zwischenstation der Seilbahn in  <strong>Ort. St. Michael<\/strong>  an dem der dritte Betankungspunkt verf\u00fcgbar sein wird. Weiterhin bergab gelangt man wieder in den <strong>\u201cK\u00fcstenstreifen der Olivenb\u00e4ume\u201d<\/strong>, zun\u00e4chst auf Karrenwegen und Pfaden und die letzten 2 km auf Kopfsteinpflaster und Asphalt bis man wieder das Ortszentrum erreicht.<\/p>\n<\/div><\/div><\/div><\/div><\/div><div class=\"fusion-fullwidth fullwidth-box fusion-builder-row-3 fusion-flex-container nonhundred-percent-fullwidth non-hundred-percent-height-scrolling\" style=\"--awb-border-radius-top-left:0px;--awb-border-radius-top-right:0px;--awb-border-radius-bottom-right:0px;--awb-border-radius-bottom-left:0px;--awb-flex-wrap:wrap;\" ><div class=\"fusion-builder-row fusion-row fusion-flex-align-items-flex-start fusion-flex-content-wrap\" style=\"max-width:1248px;margin-left: calc(-4% \/ 2 );margin-right: calc(-4% \/ 2 );\"><div class=\"fusion-layout-column fusion_builder_column fusion-builder-column-3 fusion_builder_column_1_1 1_1 fusion-flex-column\" style=\"--awb-bg-size:cover;--awb-width-large:100%;--awb-margin-top-large:0px;--awb-spacing-right-large:1.92%;--awb-margin-bottom-large:20px;--awb-spacing-left-large:1.92%;--awb-width-medium:100%;--awb-order-medium:0;--awb-spacing-right-medium:1.92%;--awb-spacing-left-medium:1.92%;--awb-width-small:100%;--awb-order-small:0;--awb-spacing-right-small:1.92%;--awb-spacing-left-small:1.92%;\"><div class=\"fusion-column-wrapper fusion-column-has-shadow fusion-flex-justify-content-flex-start fusion-content-layout-column\"><a class=\"fusion-modal-text-link\" href=\"#\"><iframe src=\"https:\/\/it.wikiloc.com\/wikiloc\/embedv2.do?id=169112055&amp;elevation=on&amp;images=off&amp;maptype=H\" width=\"100%\" height=\"600\" frameborder=\"0\" scrolling=\"no\"><\/iframe><\/p>\n<div style=\"color: #777; font-size: 11px; line-height: 16px;\">Powered by <a style=\"color: #4c8c2b; font-size: 11px; line-height: 16px;\" href=\"https:\/\/it.wikiloc.com\" target=\"_blank\" rel=\"noopener\">Wikiloc<\/a><\/div>\n<\/a><\/div><\/div><\/div><\/div><\/p>\n","protected":false},"excerpt":{"rendered":"","protected":false},"author":1,"featured_media":0,"parent":0,"menu_order":0,"comment_status":"closed","ping_status":"closed","template":"","meta":{"footnotes":""},"class_list":["post-643","page","type-page","status-publish","hentry"],"yoast_head":"<!-- This site is optimized with the Yoast SEO plugin v26.9 - https:\/\/yoast.com\/product\/yoast-seo-wordpress\/ -->\n<title>26k | MEDIUM - ASICS Malcesine Baldo Trail<\/title>\n<meta name=\"robots\" content=\"index, follow, max-snippet:-1, max-image-preview:large, max-video-preview:-1\" \/>\n<link rel=\"canonical\" href=\"https:\/\/malcesinebaldotrail.run\/de\/24k\/\" \/>\n<meta property=\"og:locale\" content=\"de_DE\" \/>\n<meta property=\"og:type\" content=\"article\" \/>\n<meta property=\"og:title\" content=\"26k | MEDIUM - ASICS Malcesine Baldo Trail\" \/>\n<meta property=\"og:url\" content=\"https:\/\/malcesinebaldotrail.run\/de\/24k\/\" \/>\n<meta property=\"og:site_name\" content=\"ASICS Malcesine Baldo Trail\" \/>\n<meta property=\"article:modified_time\" content=\"2025-10-27T11:28:09+00:00\" \/>\n<meta name=\"twitter:card\" content=\"summary_large_image\" \/>\n<meta name=\"twitter:label1\" content=\"Gesch\u00e4tzte Lesezeit\" \/>\n\t<meta name=\"twitter:data1\" content=\"14\u00a0Minuten\" \/>\n<script type=\"application\/ld+json\" class=\"yoast-schema-graph\">{\"@context\":\"https:\/\/schema.org\",\"@graph\":[{\"@type\":\"WebPage\",\"@id\":\"https:\/\/malcesinebaldotrail.run\/de\/24k\/\",\"url\":\"https:\/\/malcesinebaldotrail.run\/de\/24k\/\",\"name\":\"26k | MEDIUM - ASICS Malcesine Baldo Trail\",\"isPartOf\":{\"@id\":\"https:\/\/malcesinebaldotrail.run\/de\/#website\"},\"datePublished\":\"2021-12-28T14:37:18+00:00\",\"dateModified\":\"2025-10-27T11:28:09+00:00\",\"breadcrumb\":{\"@id\":\"https:\/\/malcesinebaldotrail.run\/de\/24k\/#breadcrumb\"},\"inLanguage\":\"de\",\"potentialAction\":[{\"@type\":\"ReadAction\",\"target\":[\"https:\/\/malcesinebaldotrail.run\/de\/24k\/\"]}]},{\"@type\":\"BreadcrumbList\",\"@id\":\"https:\/\/malcesinebaldotrail.run\/de\/24k\/#breadcrumb\",\"itemListElement\":[{\"@type\":\"ListItem\",\"position\":1,\"name\":\"Home\",\"item\":\"https:\/\/malcesinebaldotrail.run\/de\/sample-page\/\"},{\"@type\":\"ListItem\",\"position\":2,\"name\":\"26k | MEDIUM\"}]},{\"@type\":\"WebSite\",\"@id\":\"https:\/\/malcesinebaldotrail.run\/de\/#website\",\"url\":\"https:\/\/malcesinebaldotrail.run\/de\/\",\"name\":\"ASICS Malcesine Baldo Trail\",\"description\":\"\",\"potentialAction\":[{\"@type\":\"SearchAction\",\"target\":{\"@type\":\"EntryPoint\",\"urlTemplate\":\"https:\/\/malcesinebaldotrail.run\/de\/?s={search_term_string}\"},\"query-input\":{\"@type\":\"PropertyValueSpecification\",\"valueRequired\":true,\"valueName\":\"search_term_string\"}}],\"inLanguage\":\"de\"}]}<\/script>\n<!-- \/ Yoast SEO plugin. -->","yoast_head_json":{"title":"26k | MEDIUM - ASICS Malcesine Baldo Trail","robots":{"index":"index","follow":"follow","max-snippet":"max-snippet:-1","max-image-preview":"max-image-preview:large","max-video-preview":"max-video-preview:-1"},"canonical":"https:\/\/malcesinebaldotrail.run\/de\/24k\/","og_locale":"de_DE","og_type":"article","og_title":"26k | MEDIUM - ASICS Malcesine Baldo Trail","og_url":"https:\/\/malcesinebaldotrail.run\/de\/24k\/","og_site_name":"ASICS Malcesine Baldo Trail","article_modified_time":"2025-10-27T11:28:09+00:00","twitter_card":"summary_large_image","twitter_misc":{"Gesch\u00e4tzte Lesezeit":"14\u00a0Minuten"},"schema":{"@context":"https:\/\/schema.org","@graph":[{"@type":"WebPage","@id":"https:\/\/malcesinebaldotrail.run\/de\/24k\/","url":"https:\/\/malcesinebaldotrail.run\/de\/24k\/","name":"26k | MEDIUM - ASICS Malcesine Baldo Trail","isPartOf":{"@id":"https:\/\/malcesinebaldotrail.run\/de\/#website"},"datePublished":"2021-12-28T14:37:18+00:00","dateModified":"2025-10-27T11:28:09+00:00","breadcrumb":{"@id":"https:\/\/malcesinebaldotrail.run\/de\/24k\/#breadcrumb"},"inLanguage":"de","potentialAction":[{"@type":"ReadAction","target":["https:\/\/malcesinebaldotrail.run\/de\/24k\/"]}]},{"@type":"BreadcrumbList","@id":"https:\/\/malcesinebaldotrail.run\/de\/24k\/#breadcrumb","itemListElement":[{"@type":"ListItem","position":1,"name":"Home","item":"https:\/\/malcesinebaldotrail.run\/de\/sample-page\/"},{"@type":"ListItem","position":2,"name":"26k | MEDIUM"}]},{"@type":"WebSite","@id":"https:\/\/malcesinebaldotrail.run\/de\/#website","url":"https:\/\/malcesinebaldotrail.run\/de\/","name":"ASICS Malcesine Baldo Trail","description":"","potentialAction":[{"@type":"SearchAction","target":{"@type":"EntryPoint","urlTemplate":"https:\/\/malcesinebaldotrail.run\/de\/?s={search_term_string}"},"query-input":{"@type":"PropertyValueSpecification","valueRequired":true,"valueName":"search_term_string"}}],"inLanguage":"de"}]}},"_links":{"self":[{"href":"https:\/\/malcesinebaldotrail.run\/de\/wp-json\/wp\/v2\/pages\/643","targetHints":{"allow":["GET"]}}],"collection":[{"href":"https:\/\/malcesinebaldotrail.run\/de\/wp-json\/wp\/v2\/pages"}],"about":[{"href":"https:\/\/malcesinebaldotrail.run\/de\/wp-json\/wp\/v2\/types\/page"}],"author":[{"embeddable":true,"href":"https:\/\/malcesinebaldotrail.run\/de\/wp-json\/wp\/v2\/users\/1"}],"replies":[{"embeddable":true,"href":"https:\/\/malcesinebaldotrail.run\/de\/wp-json\/wp\/v2\/comments?post=643"}],"version-history":[{"count":84,"href":"https:\/\/malcesinebaldotrail.run\/de\/wp-json\/wp\/v2\/pages\/643\/revisions"}],"predecessor-version":[{"id":5488,"href":"https:\/\/malcesinebaldotrail.run\/de\/wp-json\/wp\/v2\/pages\/643\/revisions\/5488"}],"wp:attachment":[{"href":"https:\/\/malcesinebaldotrail.run\/de\/wp-json\/wp\/v2\/media?parent=643"}],"curies":[{"name":"wp","href":"https:\/\/api.w.org\/{rel}","templated":true}]}}