{"id":652,"date":"2021-12-28T14:38:32","date_gmt":"2021-12-28T14:38:32","guid":{"rendered":"https:\/\/malcesinebaldotrail.run\/16k\/"},"modified":"2025-10-27T12:00:24","modified_gmt":"2025-10-27T12:00:24","slug":"16k","status":"publish","type":"page","link":"https:\/\/malcesinebaldotrail.run\/de\/16k\/","title":{"rendered":"16k | SHORT"},"content":{"rendered":"<p><div class=\"fusion-fullwidth fullwidth-box fusion-builder-row-1 fusion-flex-container nonhundred-percent-fullwidth non-hundred-percent-height-scrolling\" style=\"--awb-border-radius-top-left:0px;--awb-border-radius-top-right:0px;--awb-border-radius-bottom-right:0px;--awb-border-radius-bottom-left:0px;--awb-padding-top:30px;--awb-flex-wrap:wrap;\" ><div class=\"fusion-builder-row fusion-row fusion-flex-align-items-flex-start fusion-flex-content-wrap\" style=\"max-width:1248px;margin-left: calc(-4% \/ 2 );margin-right: calc(-4% \/ 2 );\"><div class=\"fusion-layout-column fusion_builder_column fusion-builder-column-0 fusion_builder_column_1_3 1_3 fusion-flex-column fusion-flex-align-self-center\" style=\"--awb-bg-size:cover;--awb-width-large:33.333333333333%;--awb-margin-top-large:0px;--awb-spacing-right-large:5.76%;--awb-margin-bottom-large:20px;--awb-spacing-left-large:5.76%;--awb-width-medium:33.333333333333%;--awb-order-medium:0;--awb-spacing-right-medium:5.76%;--awb-spacing-left-medium:5.76%;--awb-width-small:100%;--awb-order-small:0;--awb-spacing-right-small:1.92%;--awb-spacing-left-small:1.92%;\"><div class=\"fusion-column-wrapper fusion-column-has-shadow fusion-flex-justify-content-flex-start fusion-content-layout-column\"><div class=\"fusion-image-element \" style=\"--awb-caption-title-font-family:var(--h2_typography-font-family);--awb-caption-title-font-weight:var(--h2_typography-font-weight);--awb-caption-title-font-style:var(--h2_typography-font-style);--awb-caption-title-size:var(--h2_typography-font-size);--awb-caption-title-transform:var(--h2_typography-text-transform);--awb-caption-title-line-height:var(--h2_typography-line-height);--awb-caption-title-letter-spacing:var(--h2_typography-letter-spacing);\"><span class=\" fusion-imageframe imageframe-none imageframe-1 hover-type-none\"><img decoding=\"async\" width=\"350\" height=\"350\" title=\"16klago-garda-malcesine-baldo-trail-monte-baldo\" src=\"https:\/\/malcesinebaldotrail.run\/wp-content\/uploads\/2021\/12\/16k.png\" alt class=\"img-responsive wp-image-457\" srcset=\"https:\/\/malcesinebaldotrail.run\/wp-content\/uploads\/2021\/12\/16k-200x200.png 200w, https:\/\/malcesinebaldotrail.run\/wp-content\/uploads\/2021\/12\/16k.png 350w\" sizes=\"(max-width: 640px) 100vw, 350px\" \/><\/span><\/div><\/div><\/div><div class=\"fusion-layout-column fusion_builder_column fusion-builder-column-1 fusion_builder_column_2_3 2_3 fusion-flex-column fusion-flex-align-self-center\" style=\"--awb-bg-size:cover;--awb-width-large:66.666666666667%;--awb-margin-top-large:0px;--awb-spacing-right-large:2.88%;--awb-margin-bottom-large:20px;--awb-spacing-left-large:2.88%;--awb-width-medium:66.666666666667%;--awb-order-medium:0;--awb-spacing-right-medium:2.88%;--awb-spacing-left-medium:2.88%;--awb-width-small:100%;--awb-order-small:0;--awb-spacing-right-small:1.92%;--awb-spacing-left-small:1.92%;\"><div class=\"fusion-column-wrapper fusion-column-has-shadow fusion-flex-justify-content-flex-start fusion-content-layout-column\"><div class=\"fusion-title title fusion-title-1 fusion-sep-none fusion-title-text fusion-title-size-three\"><h3 class=\"fusion-title-heading title-heading-left\" style=\"margin:0;\">ASICS Malcesine Baldo Trail &#8211; 16k Short<\/h3><\/div><div class=\"fusion-text fusion-text-1\" style=\"--awb-text-transform:none;\"><p>Sonntag 3 Mai 2026 &#8211; 10 a.m.<\/p>\n<\/div><div class=\"fusion-text fusion-text-2\" style=\"--awb-text-transform:none;\"><p>ENTFERNUNG: 16KM<\/p>\n<p>H\u00d6HENUNTERSCHIED: 1100M<\/p>\n<p>MAXIMUM: 713M<\/p>\n<p>MINIMUM: 89M<\/p>\n<p>ASPHALT: 15%<\/p>\n<p>ITRA PUNKTE: 1<\/p>\n<\/div><div class=\"fusion-text fusion-text-3\" style=\"--awb-text-transform:none;\"><p>Die Genehmigung: Fidal &#8211; World Athletics<\/p>\n<\/div><div class=\"fusion-image-element \" style=\"--awb-caption-title-font-family:var(--h2_typography-font-family);--awb-caption-title-font-weight:var(--h2_typography-font-weight);--awb-caption-title-font-style:var(--h2_typography-font-style);--awb-caption-title-size:var(--h2_typography-font-size);--awb-caption-title-transform:var(--h2_typography-text-transform);--awb-caption-title-line-height:var(--h2_typography-line-height);--awb-caption-title-letter-spacing:var(--h2_typography-letter-spacing);\"><span class=\" fusion-imageframe imageframe-none imageframe-2 hover-type-none\"><img decoding=\"async\" width=\"200\" height=\"100\" title=\"itra-1-punkt-malcesine-baldo-weg\" src=\"https:\/\/malcesinebaldotrail.run\/wp-content\/uploads\/2022\/03\/itra-1-punti.png\" alt class=\"img-responsive wp-image-863\" srcset=\"https:\/\/malcesinebaldotrail.run\/wp-content\/uploads\/2022\/03\/itra-1-punti-100x50.png 100w, https:\/\/malcesinebaldotrail.run\/wp-content\/uploads\/2022\/03\/itra-1-punti.png 200w\" sizes=\"(max-width: 200px) 100vw, 200px\" \/><\/span><\/div><div class=\"fusion-image-element \" style=\"--awb-caption-title-font-family:var(--h2_typography-font-family);--awb-caption-title-font-weight:var(--h2_typography-font-weight);--awb-caption-title-font-style:var(--h2_typography-font-style);--awb-caption-title-size:var(--h2_typography-font-size);--awb-caption-title-transform:var(--h2_typography-text-transform);--awb-caption-title-line-height:var(--h2_typography-line-height);--awb-caption-title-letter-spacing:var(--h2_typography-letter-spacing);\"><span class=\" fusion-imageframe imageframe-none imageframe-3 hover-type-none\"><img decoding=\"async\" width=\"150\" height=\"48\" title=\"Index-20K\" src=\"https:\/\/malcesinebaldotrail.run\/wp-content\/uploads\/2024\/09\/Index-20K-e1727336440485.png\" alt class=\"img-responsive wp-image-4316\"\/><\/span><\/div><div ><a class=\"fusion-button button-flat fusion-button-default-size button-default fusion-button-default button-1 fusion-button-default-span fusion-button-default-type\" target=\"_self\" href=\"https:\/\/malcesinebaldotrail.run\/wp-content\/uploads\/filepercorso\/MBT_16k_short.gpx\"><span class=\"fusion-button-text awb-button__text awb-button__text--default\">Laden Sie GPX herunter<\/span><\/a><\/div><\/div><\/div><\/div><\/div><div class=\"fusion-fullwidth fullwidth-box fusion-builder-row-2 fusion-flex-container nonhundred-percent-fullwidth non-hundred-percent-height-scrolling\" style=\"--awb-border-radius-top-left:0px;--awb-border-radius-top-right:0px;--awb-border-radius-bottom-right:0px;--awb-border-radius-bottom-left:0px;--awb-flex-wrap:wrap;\" ><div class=\"fusion-builder-row fusion-row fusion-flex-align-items-flex-start fusion-flex-content-wrap\" style=\"max-width:1248px;margin-left: calc(-4% \/ 2 );margin-right: calc(-4% \/ 2 );\"><div class=\"fusion-layout-column fusion_builder_column fusion-builder-column-2 fusion_builder_column_1_1 1_1 fusion-flex-column\" style=\"--awb-bg-size:cover;--awb-width-large:100%;--awb-margin-top-large:0px;--awb-spacing-right-large:1.92%;--awb-margin-bottom-large:20px;--awb-spacing-left-large:1.92%;--awb-width-medium:100%;--awb-order-medium:0;--awb-spacing-right-medium:1.92%;--awb-spacing-left-medium:1.92%;--awb-width-small:100%;--awb-order-small:0;--awb-spacing-right-small:1.92%;--awb-spacing-left-small:1.92%;\"><div class=\"fusion-column-wrapper fusion-column-has-shadow fusion-flex-justify-content-flex-start fusion-content-layout-column\"><div class=\"fusion-text fusion-text-4\" style=\"--awb-text-transform:none;\"><p>Diese kurze Version des <strong>MBTrail-Rennens ist perfekt f\u00fcr diejenigen,<\/strong> die sich der Welt des Trail-Runnings n\u00e4hern m\u00f6chten: eine Strecke in der Ruhe der Natur und ponoramisch unvergesslich, welche Sie in Kontakt mit dem wahren Monte Baldo und seinen unglaublichen Landschaften bringt!<\/p>\n<p>Die Strecke weist trotz ihrer gek\u00fcrzten L\u00e4nge alle kennzeichnenden Merkmale der Beschaffenheit der Westflanke des Berges auf: atemberaubende Anstiege, Einzelspuren und auch technische Abschnitte, welche mit Konzentration zu bew\u00e4ltigen sind.<\/p>\n<p>Der Rundweg steigt von Malcesine aus nach Norden an und wird nach den ersten 2 Kilometern auf Kopfsteinpflaster zum Pfad bis hin zum 5. Kilometer, wo sich in der N\u00e4he der k\u00fcrzlich wiederentdeckten alten Sch\u00fctzengr\u00e4ben aus dem Ersten Weltkrieg, die erste Verpflegungsstelle befindet. Von hier aus steigt man an und gewinnt in 2 km gut 400 H\u00f6henmeter, um einen der beiden h\u00f6chsten Stellen der Route zu erreichen (713 m \u00fcber dem Meeresspiegel). Auf den n\u00e4chsten 5 Kilometern geht es in einem st\u00e4ndigen Auf und Ab nach S\u00fcden, bis wir bei km 11,8 auf die zweite Verpflegungsstelle bei der Mittelstation der Seilbahn treffen. Ab hier beginnt der lauffreudigste Teil des Rennens, mit einem allm\u00e4hlichen H\u00f6henverlust, zun\u00e4chst auf einem Pfad und die letzten 1,5 km auf Kopfsteinpflaster\/Asphalt bis zur\u00fcck zum Ort Malcesine.<\/p>\n<\/div><\/div><\/div><\/div><\/div><div class=\"fusion-fullwidth fullwidth-box fusion-builder-row-3 fusion-flex-container nonhundred-percent-fullwidth non-hundred-percent-height-scrolling\" style=\"--awb-border-radius-top-left:0px;--awb-border-radius-top-right:0px;--awb-border-radius-bottom-right:0px;--awb-border-radius-bottom-left:0px;--awb-flex-wrap:wrap;\" ><div class=\"fusion-builder-row fusion-row fusion-flex-align-items-flex-start fusion-flex-content-wrap\" style=\"max-width:1248px;margin-left: calc(-4% \/ 2 );margin-right: calc(-4% \/ 2 );\"><div class=\"fusion-layout-column fusion_builder_column fusion-builder-column-3 fusion_builder_column_1_1 1_1 fusion-flex-column\" style=\"--awb-bg-size:cover;--awb-width-large:100%;--awb-margin-top-large:0px;--awb-spacing-right-large:1.92%;--awb-margin-bottom-large:20px;--awb-spacing-left-large:1.92%;--awb-width-medium:100%;--awb-order-medium:0;--awb-spacing-right-medium:1.92%;--awb-spacing-left-medium:1.92%;--awb-width-small:100%;--awb-order-small:0;--awb-spacing-right-small:1.92%;--awb-spacing-left-small:1.92%;\"><div class=\"fusion-column-wrapper fusion-column-has-shadow fusion-flex-justify-content-flex-start fusion-content-layout-column\"><a class=\"fusion-modal-text-link\" href=\"#\"><iframe src=\"https:\/\/it.wikiloc.com\/wikiloc\/spatialArtifacts.do?event=view&amp;id=99686259&amp;measures=off&amp;title=off&amp;near=off&amp;images=off&amp;maptype=H\" width=\"100%\" height=\"600\" frameborder=\"0\" scrolling=\"no\"><\/iframe><\/p>\n<div style=\"color: #777; font-size: 11px; line-height: 16px;\">Powered by <a style=\"color: #06d; font-size: 11px; line-height: 16px;\" href=\"https:\/\/it.wikiloc.com\" target=\"_blank\" rel=\"noopener\">Wikiloc<\/a><\/div>\n<\/a><\/div><\/div><\/div><\/div><\/p>\n","protected":false},"excerpt":{"rendered":"","protected":false},"author":1,"featured_media":0,"parent":0,"menu_order":0,"comment_status":"closed","ping_status":"closed","template":"","meta":{"footnotes":""},"class_list":["post-652","page","type-page","status-publish","hentry"],"yoast_head":"<!-- This site is optimized with the Yoast SEO plugin v26.9 - https:\/\/yoast.com\/product\/yoast-seo-wordpress\/ -->\n<title>16k | SHORT - ASICS Malcesine Baldo Trail<\/title>\n<meta name=\"robots\" content=\"index, follow, max-snippet:-1, max-image-preview:large, max-video-preview:-1\" \/>\n<link rel=\"canonical\" href=\"https:\/\/malcesinebaldotrail.run\/de\/16k\/\" \/>\n<meta property=\"og:locale\" content=\"de_DE\" \/>\n<meta property=\"og:type\" content=\"article\" \/>\n<meta property=\"og:title\" content=\"16k | SHORT - ASICS Malcesine Baldo Trail\" \/>\n<meta property=\"og:url\" content=\"https:\/\/malcesinebaldotrail.run\/de\/16k\/\" \/>\n<meta property=\"og:site_name\" content=\"ASICS Malcesine Baldo Trail\" \/>\n<meta property=\"article:modified_time\" content=\"2025-10-27T12:00:24+00:00\" \/>\n<meta name=\"twitter:card\" content=\"summary_large_image\" \/>\n<meta name=\"twitter:label1\" content=\"Gesch\u00e4tzte Lesezeit\" \/>\n\t<meta name=\"twitter:data1\" content=\"11\u00a0Minuten\" \/>\n<script type=\"application\/ld+json\" class=\"yoast-schema-graph\">{\"@context\":\"https:\/\/schema.org\",\"@graph\":[{\"@type\":\"WebPage\",\"@id\":\"https:\/\/malcesinebaldotrail.run\/de\/16k\/\",\"url\":\"https:\/\/malcesinebaldotrail.run\/de\/16k\/\",\"name\":\"16k | SHORT - ASICS Malcesine Baldo Trail\",\"isPartOf\":{\"@id\":\"https:\/\/malcesinebaldotrail.run\/de\/#website\"},\"datePublished\":\"2021-12-28T14:38:32+00:00\",\"dateModified\":\"2025-10-27T12:00:24+00:00\",\"breadcrumb\":{\"@id\":\"https:\/\/malcesinebaldotrail.run\/de\/16k\/#breadcrumb\"},\"inLanguage\":\"de\",\"potentialAction\":[{\"@type\":\"ReadAction\",\"target\":[\"https:\/\/malcesinebaldotrail.run\/de\/16k\/\"]}]},{\"@type\":\"BreadcrumbList\",\"@id\":\"https:\/\/malcesinebaldotrail.run\/de\/16k\/#breadcrumb\",\"itemListElement\":[{\"@type\":\"ListItem\",\"position\":1,\"name\":\"Home\",\"item\":\"https:\/\/malcesinebaldotrail.run\/de\/sample-page\/\"},{\"@type\":\"ListItem\",\"position\":2,\"name\":\"16k | SHORT\"}]},{\"@type\":\"WebSite\",\"@id\":\"https:\/\/malcesinebaldotrail.run\/de\/#website\",\"url\":\"https:\/\/malcesinebaldotrail.run\/de\/\",\"name\":\"ASICS Malcesine Baldo Trail\",\"description\":\"\",\"potentialAction\":[{\"@type\":\"SearchAction\",\"target\":{\"@type\":\"EntryPoint\",\"urlTemplate\":\"https:\/\/malcesinebaldotrail.run\/de\/?s={search_term_string}\"},\"query-input\":{\"@type\":\"PropertyValueSpecification\",\"valueRequired\":true,\"valueName\":\"search_term_string\"}}],\"inLanguage\":\"de\"}]}<\/script>\n<!-- \/ Yoast SEO plugin. -->","yoast_head_json":{"title":"16k | SHORT - ASICS Malcesine Baldo Trail","robots":{"index":"index","follow":"follow","max-snippet":"max-snippet:-1","max-image-preview":"max-image-preview:large","max-video-preview":"max-video-preview:-1"},"canonical":"https:\/\/malcesinebaldotrail.run\/de\/16k\/","og_locale":"de_DE","og_type":"article","og_title":"16k | SHORT - ASICS Malcesine Baldo Trail","og_url":"https:\/\/malcesinebaldotrail.run\/de\/16k\/","og_site_name":"ASICS Malcesine Baldo Trail","article_modified_time":"2025-10-27T12:00:24+00:00","twitter_card":"summary_large_image","twitter_misc":{"Gesch\u00e4tzte Lesezeit":"11\u00a0Minuten"},"schema":{"@context":"https:\/\/schema.org","@graph":[{"@type":"WebPage","@id":"https:\/\/malcesinebaldotrail.run\/de\/16k\/","url":"https:\/\/malcesinebaldotrail.run\/de\/16k\/","name":"16k | SHORT - ASICS Malcesine Baldo Trail","isPartOf":{"@id":"https:\/\/malcesinebaldotrail.run\/de\/#website"},"datePublished":"2021-12-28T14:38:32+00:00","dateModified":"2025-10-27T12:00:24+00:00","breadcrumb":{"@id":"https:\/\/malcesinebaldotrail.run\/de\/16k\/#breadcrumb"},"inLanguage":"de","potentialAction":[{"@type":"ReadAction","target":["https:\/\/malcesinebaldotrail.run\/de\/16k\/"]}]},{"@type":"BreadcrumbList","@id":"https:\/\/malcesinebaldotrail.run\/de\/16k\/#breadcrumb","itemListElement":[{"@type":"ListItem","position":1,"name":"Home","item":"https:\/\/malcesinebaldotrail.run\/de\/sample-page\/"},{"@type":"ListItem","position":2,"name":"16k | SHORT"}]},{"@type":"WebSite","@id":"https:\/\/malcesinebaldotrail.run\/de\/#website","url":"https:\/\/malcesinebaldotrail.run\/de\/","name":"ASICS Malcesine Baldo Trail","description":"","potentialAction":[{"@type":"SearchAction","target":{"@type":"EntryPoint","urlTemplate":"https:\/\/malcesinebaldotrail.run\/de\/?s={search_term_string}"},"query-input":{"@type":"PropertyValueSpecification","valueRequired":true,"valueName":"search_term_string"}}],"inLanguage":"de"}]}},"_links":{"self":[{"href":"https:\/\/malcesinebaldotrail.run\/de\/wp-json\/wp\/v2\/pages\/652","targetHints":{"allow":["GET"]}}],"collection":[{"href":"https:\/\/malcesinebaldotrail.run\/de\/wp-json\/wp\/v2\/pages"}],"about":[{"href":"https:\/\/malcesinebaldotrail.run\/de\/wp-json\/wp\/v2\/types\/page"}],"author":[{"embeddable":true,"href":"https:\/\/malcesinebaldotrail.run\/de\/wp-json\/wp\/v2\/users\/1"}],"replies":[{"embeddable":true,"href":"https:\/\/malcesinebaldotrail.run\/de\/wp-json\/wp\/v2\/comments?post=652"}],"version-history":[{"count":35,"href":"https:\/\/malcesinebaldotrail.run\/de\/wp-json\/wp\/v2\/pages\/652\/revisions"}],"predecessor-version":[{"id":5540,"href":"https:\/\/malcesinebaldotrail.run\/de\/wp-json\/wp\/v2\/pages\/652\/revisions\/5540"}],"wp:attachment":[{"href":"https:\/\/malcesinebaldotrail.run\/de\/wp-json\/wp\/v2\/media?parent=652"}],"curies":[{"name":"wp","href":"https:\/\/api.w.org\/{rel}","templated":true}]}}